{"id":2992,"date":"2022-09-28T10:09:40","date_gmt":"2022-09-28T10:09:40","guid":{"rendered":"https:\/\/koraledetale.pl\/?post_type=product&#038;p=2992"},"modified":"2024-01-09T08:44:03","modified_gmt":"2024-01-09T08:44:03","slug":"kolczyki-chmura-na-blekitnym-niebie-z-kwarcem-i-howlitem","status":"publish","type":"product","link":"https:\/\/koraledetale.pl\/?product=kolczyki-chmura-na-blekitnym-niebie-z-kwarcem-i-howlitem","title":{"rendered":"Kolczyki CHMURA NA B\u0141\u0118KITNYM NIEBIE z kwarcem i howlitem"},"content":{"rendered":"<p>Wielko\u015b\u0107 kamieni:<\/p>\n<ul>\n<li>kwarc \u2013 14\u00d74 mm,<\/li>\n<li>howlit \u2013 4 mm,<\/li>\n<li>hematyt \u2013 4\u00d72 mm.<\/li>\n<\/ul>\n<p>D\u0142ugo\u015b\u0107 kolczyk\u00f3w \u2013 3,5 cm.<\/p>\n","protected":false},"excerpt":{"rendered":"<p>Kolczyki z wa\u0142eczkiem mlecznego kwarcu po\u0142\u0105czonego z howlitem turkusowym i z\u0142otym hematytem, na owalnych sztyftach.<\/p>\n<p>Wszystkie elementy wykonane s\u0105 z nieuczulaj\u0105cej stali chirurgicznej (szlachetnej).<\/p>\n","protected":false},"featured_media":2987,"comment_status":"open","ping_status":"closed","template":"","meta":{"advanced_seo_description":"","jetpack_seo_html_title":"","jetpack_seo_noindex":false},"product_brand":[],"product_cat":[229],"product_tag":[463,43,1075,107,108,1076,31],"class_list":{"0":"post-2992","1":"product","2":"type-product","3":"status-publish","4":"has-post-thumbnail","6":"product_cat-sprzedane","7":"product_tag-howlit-turkusowy","8":"product_tag-kolczyki-na-sztyftach","9":"product_tag-kolczyki-z-kwarcem-mlecznym-i-howlitem-turkusowym","10":"product_tag-kolczyki-ze-stali-chirurgicznej","11":"product_tag-kolczyki-ze-stali-szlachetnej","12":"product_tag-kwarc-mleczny","13":"product_tag-zloty-hematyt","15":"first","16":"outofstock","17":"shipping-taxable","18":"purchasable","19":"product-type-simple"},"jetpack_sharing_enabled":true,"_links":{"self":[{"href":"https:\/\/koraledetale.pl\/index.php?rest_route=\/wp\/v2\/product\/2992","targetHints":{"allow":["GET"]}}],"collection":[{"href":"https:\/\/koraledetale.pl\/index.php?rest_route=\/wp\/v2\/product"}],"about":[{"href":"https:\/\/koraledetale.pl\/index.php?rest_route=\/wp\/v2\/types\/product"}],"replies":[{"embeddable":true,"href":"https:\/\/koraledetale.pl\/index.php?rest_route=%2Fwp%2Fv2%2Fcomments&post=2992"}],"wp:featuredmedia":[{"embeddable":true,"href":"https:\/\/koraledetale.pl\/index.php?rest_route=\/wp\/v2\/media\/2987"}],"wp:attachment":[{"href":"https:\/\/koraledetale.pl\/index.php?rest_route=%2Fwp%2Fv2%2Fmedia&parent=2992"}],"wp:term":[{"taxonomy":"product_brand","embeddable":true,"href":"https:\/\/koraledetale.pl\/index.php?rest_route=%2Fwp%2Fv2%2Fproduct_brand&post=2992"},{"taxonomy":"product_cat","embeddable":true,"href":"https:\/\/koraledetale.pl\/index.php?rest_route=%2Fwp%2Fv2%2Fproduct_cat&post=2992"},{"taxonomy":"product_tag","embeddable":true,"href":"https:\/\/koraledetale.pl\/index.php?rest_route=%2Fwp%2Fv2%2Fproduct_tag&post=2992"}],"curies":[{"name":"wp","href":"https:\/\/api.w.org\/{rel}","templated":true}]}}