{"id":2984,"date":"2022-09-28T09:53:32","date_gmt":"2022-09-28T09:53:32","guid":{"rendered":"https:\/\/koraledetale.pl\/?post_type=product&#038;p=2984"},"modified":"2024-11-16T18:03:24","modified_gmt":"2024-11-16T18:03:24","slug":"kolczyki-miod-i-jarzebina-z-cytrynem-i-karneolem","status":"publish","type":"product","link":"https:\/\/koraledetale.pl\/?product=kolczyki-miod-i-jarzebina-z-cytrynem-i-karneolem","title":{"rendered":"Kolczyki MI\u00d3D i JARZ\u0118BINA z cytrynem i karneolem"},"content":{"rendered":"<p>Wielko\u015b\u0107 kamieni:<\/p>\n<ul>\n<li>cytryn &#8211; 13&#215;4 mm,<\/li>\n<li>karneol &#8211; 4&#215;3 mm,<\/li>\n<li>hematyt &#8211; 4&#215;2 mm.<\/li>\n<\/ul>\n<p>D\u0142ugo\u015b\u0107 kolczyk\u00f3w &#8211; 2,9 cm.<\/p>\n<p>&nbsp;<\/p>\n","protected":false},"excerpt":{"rendered":"<p>Kolczyki z wa\u0142eczkiem cytrynu po\u0142\u0105czonego z karneolem i z\u0142otym hematytem, na sztyftach z\u00a0 okr\u0105g\u0142\u0105, wyt\u0142aczan\u0105 blaszk\u0105.<\/p>\n<p>Wszystkie elementy wykonane s\u0105 z nieuczulaj\u0105cej stali chirurgicznej (szlachetnej).<\/p>\n","protected":false},"featured_media":2986,"comment_status":"open","ping_status":"closed","template":"","meta":{"advanced_seo_description":"","jetpack_seo_html_title":"","jetpack_seo_noindex":false},"product_brand":[],"product_cat":[229],"product_tag":[193,751,43,1073,107,108,31],"class_list":{"0":"post-2984","1":"product","2":"type-product","3":"status-publish","4":"has-post-thumbnail","6":"product_cat-sprzedane","7":"product_tag-cytryn","8":"product_tag-karneol","9":"product_tag-kolczyki-na-sztyftach","10":"product_tag-kolczyki-z-cytrynem-i-karneolem","11":"product_tag-kolczyki-ze-stali-chirurgicznej","12":"product_tag-kolczyki-ze-stali-szlachetnej","13":"product_tag-zloty-hematyt","15":"first","16":"outofstock","17":"shipping-taxable","18":"product-type-simple"},"jetpack_sharing_enabled":true,"_links":{"self":[{"href":"https:\/\/koraledetale.pl\/index.php?rest_route=\/wp\/v2\/product\/2984","targetHints":{"allow":["GET"]}}],"collection":[{"href":"https:\/\/koraledetale.pl\/index.php?rest_route=\/wp\/v2\/product"}],"about":[{"href":"https:\/\/koraledetale.pl\/index.php?rest_route=\/wp\/v2\/types\/product"}],"replies":[{"embeddable":true,"href":"https:\/\/koraledetale.pl\/index.php?rest_route=%2Fwp%2Fv2%2Fcomments&post=2984"}],"wp:featuredmedia":[{"embeddable":true,"href":"https:\/\/koraledetale.pl\/index.php?rest_route=\/wp\/v2\/media\/2986"}],"wp:attachment":[{"href":"https:\/\/koraledetale.pl\/index.php?rest_route=%2Fwp%2Fv2%2Fmedia&parent=2984"}],"wp:term":[{"taxonomy":"product_brand","embeddable":true,"href":"https:\/\/koraledetale.pl\/index.php?rest_route=%2Fwp%2Fv2%2Fproduct_brand&post=2984"},{"taxonomy":"product_cat","embeddable":true,"href":"https:\/\/koraledetale.pl\/index.php?rest_route=%2Fwp%2Fv2%2Fproduct_cat&post=2984"},{"taxonomy":"product_tag","embeddable":true,"href":"https:\/\/koraledetale.pl\/index.php?rest_route=%2Fwp%2Fv2%2Fproduct_tag&post=2984"}],"curies":[{"name":"wp","href":"https:\/\/api.w.org\/{rel}","templated":true}]}}