{"id":2966,"date":"2022-09-26T09:58:15","date_gmt":"2022-09-26T09:58:15","guid":{"rendered":"https:\/\/koraledetale.pl\/?post_type=product&#038;p=2966"},"modified":"2024-08-06T10:48:05","modified_gmt":"2024-08-06T10:48:05","slug":"2966","status":"publish","type":"product","link":"https:\/\/koraledetale.pl\/?product=2966","title":{"rendered":"Zawieszka z chryzoprazem"},"content":{"rendered":"<p>Wielko\u015b\u0107 chryzoprazu: 17 x 6 mm.<\/p>\n<p>D\u0142ugo\u015b\u0107 zawieszki (z zapi\u0119ciem) \u2013 3,1 cm.<\/p>\n","protected":false},"excerpt":{"rendered":"<p>Zawieszka z zapi\u0119ciem, z pod\u0142u\u017cn\u0105 kropl\u0105 chryzoprazu.<\/p>\n","protected":false},"featured_media":2967,"comment_status":"open","ping_status":"closed","template":"","meta":{"advanced_seo_description":"","jetpack_seo_html_title":"","jetpack_seo_noindex":false},"product_brand":[],"product_cat":[1060],"product_tag":[],"class_list":{"0":"post-2966","1":"product","2":"type-product","3":"status-publish","4":"has-post-thumbnail","6":"product_cat-zawieszki","8":"first","9":"instock","10":"shipping-taxable","11":"purchasable","12":"product-type-simple"},"jetpack_sharing_enabled":true,"_links":{"self":[{"href":"https:\/\/koraledetale.pl\/index.php?rest_route=\/wp\/v2\/product\/2966","targetHints":{"allow":["GET"]}}],"collection":[{"href":"https:\/\/koraledetale.pl\/index.php?rest_route=\/wp\/v2\/product"}],"about":[{"href":"https:\/\/koraledetale.pl\/index.php?rest_route=\/wp\/v2\/types\/product"}],"replies":[{"embeddable":true,"href":"https:\/\/koraledetale.pl\/index.php?rest_route=%2Fwp%2Fv2%2Fcomments&post=2966"}],"wp:featuredmedia":[{"embeddable":true,"href":"https:\/\/koraledetale.pl\/index.php?rest_route=\/wp\/v2\/media\/2967"}],"wp:attachment":[{"href":"https:\/\/koraledetale.pl\/index.php?rest_route=%2Fwp%2Fv2%2Fmedia&parent=2966"}],"wp:term":[{"taxonomy":"product_brand","embeddable":true,"href":"https:\/\/koraledetale.pl\/index.php?rest_route=%2Fwp%2Fv2%2Fproduct_brand&post=2966"},{"taxonomy":"product_cat","embeddable":true,"href":"https:\/\/koraledetale.pl\/index.php?rest_route=%2Fwp%2Fv2%2Fproduct_cat&post=2966"},{"taxonomy":"product_tag","embeddable":true,"href":"https:\/\/koraledetale.pl\/index.php?rest_route=%2Fwp%2Fv2%2Fproduct_tag&post=2966"}],"curies":[{"name":"wp","href":"https:\/\/api.w.org\/{rel}","templated":true}]}}