{"id":2958,"date":"2022-09-26T09:25:56","date_gmt":"2022-09-26T09:25:56","guid":{"rendered":"https:\/\/koraledetale.pl\/?post_type=product&#038;p=2958"},"modified":"2022-10-04T15:16:32","modified_gmt":"2022-10-04T15:16:32","slug":"naszyjnik-mozliwosci-z-turmalinami","status":"publish","type":"product","link":"https:\/\/koraledetale.pl\/?product=naszyjnik-mozliwosci-z-turmalinami","title":{"rendered":"Naszyjnik MO\u017bLIWO\u015aCI z turmalinami"},"content":{"rendered":"<p>Wielko\u015b\u0107 kamieni:<\/p>\n<ul>\n<li>turmalin &#8211; 3 mm,<\/li>\n<li>hematyt &#8211; 2 mm.<\/li>\n<\/ul>\n<p>\u015arednica zapi\u0119cia &#8211; 1,2 mm.<\/p>\n<p>D\u0142ugo\u015b\u0107 naszyjnika &#8211; 42 cm.<\/p>\n","protected":false},"excerpt":{"rendered":"<p>Naszyjnik z kolorowych turmalin\u00f3w przeplatanych z\u0142otymi hematytami, zasupe\u0142kowane na zielonej, mocnej nici jubilerskiej. Ozdobne zapi\u0119cie (wykonane z nieuczulaj\u0105cej stali chirurgicznej) mo\u017cna nosi\u0107 w centrum, po boku lub z ty\u0142u naszyjnika.<\/p>\n<p>Do naszyjnika mo\u017cna dobra\u0107 zawieszk\u0119 lub kilka zawieszek, kt\u00f3re wpina si\u0119 mi\u0119dzy kamienie.<\/p>\n<p>&nbsp;<\/p>\n","protected":false},"featured_media":2960,"comment_status":"open","ping_status":"closed","template":"","meta":{"advanced_seo_description":"","jetpack_seo_html_title":"","jetpack_seo_noindex":false},"product_brand":[],"product_cat":[229],"product_tag":[187,186,87,31],"class_list":{"0":"post-2958","1":"product","2":"type-product","3":"status-publish","4":"has-post-thumbnail","6":"product_cat-sprzedane","7":"product_tag-naszyjnik-z-kolorowymi-kamieniami","8":"product_tag-naszyjnik-z-turmalinami","9":"product_tag-turmalin","10":"product_tag-zloty-hematyt","12":"first","13":"outofstock","14":"shipping-taxable","15":"purchasable","16":"product-type-simple"},"jetpack_sharing_enabled":true,"_links":{"self":[{"href":"https:\/\/koraledetale.pl\/index.php?rest_route=\/wp\/v2\/product\/2958","targetHints":{"allow":["GET"]}}],"collection":[{"href":"https:\/\/koraledetale.pl\/index.php?rest_route=\/wp\/v2\/product"}],"about":[{"href":"https:\/\/koraledetale.pl\/index.php?rest_route=\/wp\/v2\/types\/product"}],"replies":[{"embeddable":true,"href":"https:\/\/koraledetale.pl\/index.php?rest_route=%2Fwp%2Fv2%2Fcomments&post=2958"}],"wp:featuredmedia":[{"embeddable":true,"href":"https:\/\/koraledetale.pl\/index.php?rest_route=\/wp\/v2\/media\/2960"}],"wp:attachment":[{"href":"https:\/\/koraledetale.pl\/index.php?rest_route=%2Fwp%2Fv2%2Fmedia&parent=2958"}],"wp:term":[{"taxonomy":"product_brand","embeddable":true,"href":"https:\/\/koraledetale.pl\/index.php?rest_route=%2Fwp%2Fv2%2Fproduct_brand&post=2958"},{"taxonomy":"product_cat","embeddable":true,"href":"https:\/\/koraledetale.pl\/index.php?rest_route=%2Fwp%2Fv2%2Fproduct_cat&post=2958"},{"taxonomy":"product_tag","embeddable":true,"href":"https:\/\/koraledetale.pl\/index.php?rest_route=%2Fwp%2Fv2%2Fproduct_tag&post=2958"}],"curies":[{"name":"wp","href":"https:\/\/api.w.org\/{rel}","templated":true}]}}