{"id":2951,"date":"2022-09-22T10:39:41","date_gmt":"2022-09-22T10:39:41","guid":{"rendered":"https:\/\/koraledetale.pl\/?post_type=product&#038;p=2951"},"modified":"2023-01-20T12:27:47","modified_gmt":"2023-01-20T12:27:47","slug":"bransoletka-liliowa-z-kunzytami","status":"publish","type":"product","link":"https:\/\/koraledetale.pl\/?product=bransoletka-liliowa-z-kunzytami","title":{"rendered":"Bransoletka LILIOWA z kunzytami"},"content":{"rendered":"<p>Wielko\u015b\u0107 kamieni:<\/p>\n<ul>\n<li>kunzyt &#8211; 4,5 x 2 mm,<\/li>\n<li>hematyt &#8211; 4 x 2 mm, 3 x 2 mm i 2 mm.<\/li>\n<\/ul>\n<p>D\u0142ugo\u015b\u0107 bransoletki: 17 &#8211; 20 cm.<\/p>\n","protected":false},"excerpt":{"rendered":"<p>Bransoletka z dysk\u00f3w kunzytu, przeplatanych z\u0142otymi hematytami, z k\u00f3\u0142kiem i \u0142a\u0144cuchami.<\/p>\n<p>Wszystkie elementy metalowe wykonane s\u0105 z nieuczulaj\u0105cej stali chirurgicznej (szlachetnej).<\/p>\n","protected":false},"featured_media":2956,"comment_status":"open","ping_status":"closed","template":"","meta":{"advanced_seo_description":"","jetpack_seo_html_title":"","jetpack_seo_noindex":false},"product_brand":[],"product_cat":[229],"product_tag":[80,836,212,1056,512,31,142],"class_list":{"0":"post-2951","1":"product","2":"type-product","3":"status-publish","4":"has-post-thumbnail","6":"product_cat-sprzedane","7":"product_tag-bransoletka-z-kamieniami-naturalnymi","8":"product_tag-bransoletka-z-kunzytami","9":"product_tag-bransoletka-z-rozowymi-kamieniami","10":"product_tag-bransoletka-z-lancuszkami","11":"product_tag-kunzyt","12":"product_tag-zloty-hematyt","13":"product_tag-lancuszek","15":"first","16":"outofstock","17":"shipping-taxable","18":"purchasable","19":"product-type-simple"},"jetpack_sharing_enabled":true,"_links":{"self":[{"href":"https:\/\/koraledetale.pl\/index.php?rest_route=\/wp\/v2\/product\/2951","targetHints":{"allow":["GET"]}}],"collection":[{"href":"https:\/\/koraledetale.pl\/index.php?rest_route=\/wp\/v2\/product"}],"about":[{"href":"https:\/\/koraledetale.pl\/index.php?rest_route=\/wp\/v2\/types\/product"}],"replies":[{"embeddable":true,"href":"https:\/\/koraledetale.pl\/index.php?rest_route=%2Fwp%2Fv2%2Fcomments&post=2951"}],"wp:featuredmedia":[{"embeddable":true,"href":"https:\/\/koraledetale.pl\/index.php?rest_route=\/wp\/v2\/media\/2956"}],"wp:attachment":[{"href":"https:\/\/koraledetale.pl\/index.php?rest_route=%2Fwp%2Fv2%2Fmedia&parent=2951"}],"wp:term":[{"taxonomy":"product_brand","embeddable":true,"href":"https:\/\/koraledetale.pl\/index.php?rest_route=%2Fwp%2Fv2%2Fproduct_brand&post=2951"},{"taxonomy":"product_cat","embeddable":true,"href":"https:\/\/koraledetale.pl\/index.php?rest_route=%2Fwp%2Fv2%2Fproduct_cat&post=2951"},{"taxonomy":"product_tag","embeddable":true,"href":"https:\/\/koraledetale.pl\/index.php?rest_route=%2Fwp%2Fv2%2Fproduct_tag&post=2951"}],"curies":[{"name":"wp","href":"https:\/\/api.w.org\/{rel}","templated":true}]}}