{"id":2944,"date":"2022-09-18T14:26:35","date_gmt":"2022-09-18T14:26:35","guid":{"rendered":"https:\/\/koraledetale.pl\/?post_type=product&#038;p=2944"},"modified":"2022-09-21T09:44:40","modified_gmt":"2022-09-21T09:44:40","slug":"bransoletka-z-innej-beczki-z-czarnym-turmalinem","status":"publish","type":"product","link":"https:\/\/koraledetale.pl\/?product=bransoletka-z-innej-beczki-z-czarnym-turmalinem","title":{"rendered":"Bransoletka Z INNEJ BECZKI z czarnym turmalinem"},"content":{"rendered":"<p>Wielko\u015b\u0107 turmalin\u00f3w: 8-9 x 6-8 mm.<\/p>\n<p>D\u0142ugo\u015b\u0107 bransoletki: 17-22 cm.<\/p>\n","protected":false},"excerpt":{"rendered":"<p>Bransoletka z surowymi bry\u0142kami czarnego turmalinu, okr\u0105g\u0142ymi elementami i \u0142a\u0144cuszkiem o grubym splocie.<\/p>\n<p>Wszystkie elementy metalowe wykonane s\u0105 z nieuczulaj\u0105cej stali chirurgicznej (szlachetnej).<\/p>\n","protected":false},"featured_media":2937,"comment_status":"open","ping_status":"closed","template":"","meta":{"advanced_seo_description":"","jetpack_seo_html_title":"","jetpack_seo_noindex":false},"product_brand":[],"product_cat":[229],"product_tag":[859,1054,179,288],"class_list":{"0":"post-2944","1":"product","2":"type-product","3":"status-publish","4":"has-post-thumbnail","6":"product_cat-sprzedane","7":"product_tag-bransoletka-z-czarnymi-turmalinami","8":"product_tag-bransoletka-z-kamieniami-naturalymi","9":"product_tag-bransoletka-z-lancuszkiem","10":"product_tag-czarny-turmalin","12":"first","13":"outofstock","14":"shipping-taxable","15":"purchasable","16":"product-type-simple"},"jetpack_sharing_enabled":true,"_links":{"self":[{"href":"https:\/\/koraledetale.pl\/index.php?rest_route=\/wp\/v2\/product\/2944","targetHints":{"allow":["GET"]}}],"collection":[{"href":"https:\/\/koraledetale.pl\/index.php?rest_route=\/wp\/v2\/product"}],"about":[{"href":"https:\/\/koraledetale.pl\/index.php?rest_route=\/wp\/v2\/types\/product"}],"replies":[{"embeddable":true,"href":"https:\/\/koraledetale.pl\/index.php?rest_route=%2Fwp%2Fv2%2Fcomments&post=2944"}],"wp:featuredmedia":[{"embeddable":true,"href":"https:\/\/koraledetale.pl\/index.php?rest_route=\/wp\/v2\/media\/2937"}],"wp:attachment":[{"href":"https:\/\/koraledetale.pl\/index.php?rest_route=%2Fwp%2Fv2%2Fmedia&parent=2944"}],"wp:term":[{"taxonomy":"product_brand","embeddable":true,"href":"https:\/\/koraledetale.pl\/index.php?rest_route=%2Fwp%2Fv2%2Fproduct_brand&post=2944"},{"taxonomy":"product_cat","embeddable":true,"href":"https:\/\/koraledetale.pl\/index.php?rest_route=%2Fwp%2Fv2%2Fproduct_cat&post=2944"},{"taxonomy":"product_tag","embeddable":true,"href":"https:\/\/koraledetale.pl\/index.php?rest_route=%2Fwp%2Fv2%2Fproduct_tag&post=2944"}],"curies":[{"name":"wp","href":"https:\/\/api.w.org\/{rel}","templated":true}]}}