{"id":2922,"date":"2022-09-14T13:43:15","date_gmt":"2022-09-14T13:43:15","guid":{"rendered":"https:\/\/koraledetale.pl\/?post_type=product&#038;p=2922"},"modified":"2022-10-26T14:14:09","modified_gmt":"2022-10-26T14:14:09","slug":"kolczyki-truskawki-z-kwarcem-awenturynem-i-kamieniem-slonecznym","status":"publish","type":"product","link":"https:\/\/koraledetale.pl\/?product=kolczyki-truskawki-z-kwarcem-awenturynem-i-kamieniem-slonecznym","title":{"rendered":"Kolczyki TRUSKAWKI z kwarcem, awenturynem i kamieniem s\u0142onecznym"},"content":{"rendered":"<p>Wielko\u015b\u0107 kamieni:<\/p>\n<ul>\n<li>kwarc truskawkowy &#8211; 9 x 7 mm,<\/li>\n<li>awenturyn &#8211; 4,5 x 8 mm,<\/li>\n<li>kamie\u0144 s\u0142oneczny &#8211; 4,5 mm.<\/li>\n<\/ul>\n<p>D\u0142ugo\u015b\u0107 kolczyk\u00f3w &#8211; 4,9 cm.<\/p>\n","protected":false},"excerpt":{"rendered":"<p>D\u0142ugie kolczyki z \u0142ezk\u0105 kwarcu truskawkowego, awenturynem i kamieniem s\u0142onecznym, zawieszonymi na angielskim biglu.<\/p>\n<p>Kolczyki wykonane s\u0105 z nieuczulaj\u0105cej stali chirurgicznej (szlachetnej).<\/p>\n","protected":false},"featured_media":2918,"comment_status":"open","ping_status":"closed","template":"","meta":{"advanced_seo_description":"","jetpack_seo_html_title":"","jetpack_seo_noindex":false},"product_brand":[],"product_cat":[229],"product_tag":[482,815,834,866,94,710,1048,227,58],"class_list":{"0":"post-2922","1":"product","2":"type-product","3":"status-publish","4":"has-post-thumbnail","6":"product_cat-sprzedane","7":"product_tag-awenturyn","8":"product_tag-dlugie-kolczyki-z-kamieniami-naturalnymi","9":"product_tag-dlugie-kolczyki-ze-stali-chirurgicznej","10":"product_tag-dlugie-kolczyki-ze-stali-szlachetnej","11":"product_tag-kamien-sloneczny","12":"product_tag-kolczyki-z-awenturynem","13":"product_tag-kolczyki-z-kamieniem-slonecznym","14":"product_tag-kolczyki-z-kwarcem-truskawkowym","15":"product_tag-kwarc-truskawkowy","17":"first","18":"outofstock","19":"shipping-taxable","20":"purchasable","21":"product-type-simple"},"jetpack_sharing_enabled":true,"_links":{"self":[{"href":"https:\/\/koraledetale.pl\/index.php?rest_route=\/wp\/v2\/product\/2922","targetHints":{"allow":["GET"]}}],"collection":[{"href":"https:\/\/koraledetale.pl\/index.php?rest_route=\/wp\/v2\/product"}],"about":[{"href":"https:\/\/koraledetale.pl\/index.php?rest_route=\/wp\/v2\/types\/product"}],"replies":[{"embeddable":true,"href":"https:\/\/koraledetale.pl\/index.php?rest_route=%2Fwp%2Fv2%2Fcomments&post=2922"}],"wp:featuredmedia":[{"embeddable":true,"href":"https:\/\/koraledetale.pl\/index.php?rest_route=\/wp\/v2\/media\/2918"}],"wp:attachment":[{"href":"https:\/\/koraledetale.pl\/index.php?rest_route=%2Fwp%2Fv2%2Fmedia&parent=2922"}],"wp:term":[{"taxonomy":"product_brand","embeddable":true,"href":"https:\/\/koraledetale.pl\/index.php?rest_route=%2Fwp%2Fv2%2Fproduct_brand&post=2922"},{"taxonomy":"product_cat","embeddable":true,"href":"https:\/\/koraledetale.pl\/index.php?rest_route=%2Fwp%2Fv2%2Fproduct_cat&post=2922"},{"taxonomy":"product_tag","embeddable":true,"href":"https:\/\/koraledetale.pl\/index.php?rest_route=%2Fwp%2Fv2%2Fproduct_tag&post=2922"}],"curies":[{"name":"wp","href":"https:\/\/api.w.org\/{rel}","templated":true}]}}