{"id":2921,"date":"2022-09-14T13:31:07","date_gmt":"2022-09-14T13:31:07","guid":{"rendered":"https:\/\/koraledetale.pl\/?post_type=product&#038;p=2921"},"modified":"2022-09-21T09:45:07","modified_gmt":"2022-09-21T09:45:07","slug":"kolczyki-szarotka-z-labradorytem","status":"publish","type":"product","link":"https:\/\/koraledetale.pl\/?product=kolczyki-szarotka-z-labradorytem","title":{"rendered":"Kolczyki SZAROTKA z labradorytem"},"content":{"rendered":"<p>Wielko\u015b\u0107 labrabradorytu &#8211; 8 x 8 x 4 mm.<\/p>\n<p>D\u0142ugo\u015b\u0107 kolczyk\u00f3w 3,8 cm.<\/p>\n","protected":false},"excerpt":{"rendered":"<p>Kolczyki &#8211; drobne k\u00f3\u0142ka z \u0142ezk\u0105 labradorytu.<\/p>\n<p>Kolczyki wykonane s\u0105 ze stali chirurgicznej (szlachetnej).<\/p>\n","protected":false},"featured_media":2917,"comment_status":"open","ping_status":"closed","template":"","meta":{"advanced_seo_description":"","jetpack_seo_html_title":"","jetpack_seo_noindex":false},"product_brand":[],"product_cat":[229],"product_tag":[834,866,226,177,1047,56],"class_list":{"0":"post-2921","1":"product","2":"type-product","3":"status-publish","4":"has-post-thumbnail","6":"product_cat-sprzedane","7":"product_tag-dlugie-kolczyki-ze-stali-chirurgicznej","8":"product_tag-dlugie-kolczyki-ze-stali-szlachetnej","9":"product_tag-kolczyki-kolka","10":"product_tag-kolczyki-z-labradorytami","11":"product_tag-kolka-z-labradorytami","12":"product_tag-labradoryt","14":"first","15":"outofstock","16":"shipping-taxable","17":"purchasable","18":"product-type-simple"},"jetpack_sharing_enabled":true,"_links":{"self":[{"href":"https:\/\/koraledetale.pl\/index.php?rest_route=\/wp\/v2\/product\/2921","targetHints":{"allow":["GET"]}}],"collection":[{"href":"https:\/\/koraledetale.pl\/index.php?rest_route=\/wp\/v2\/product"}],"about":[{"href":"https:\/\/koraledetale.pl\/index.php?rest_route=\/wp\/v2\/types\/product"}],"replies":[{"embeddable":true,"href":"https:\/\/koraledetale.pl\/index.php?rest_route=%2Fwp%2Fv2%2Fcomments&post=2921"}],"wp:featuredmedia":[{"embeddable":true,"href":"https:\/\/koraledetale.pl\/index.php?rest_route=\/wp\/v2\/media\/2917"}],"wp:attachment":[{"href":"https:\/\/koraledetale.pl\/index.php?rest_route=%2Fwp%2Fv2%2Fmedia&parent=2921"}],"wp:term":[{"taxonomy":"product_brand","embeddable":true,"href":"https:\/\/koraledetale.pl\/index.php?rest_route=%2Fwp%2Fv2%2Fproduct_brand&post=2921"},{"taxonomy":"product_cat","embeddable":true,"href":"https:\/\/koraledetale.pl\/index.php?rest_route=%2Fwp%2Fv2%2Fproduct_cat&post=2921"},{"taxonomy":"product_tag","embeddable":true,"href":"https:\/\/koraledetale.pl\/index.php?rest_route=%2Fwp%2Fv2%2Fproduct_tag&post=2921"}],"curies":[{"name":"wp","href":"https:\/\/api.w.org\/{rel}","templated":true}]}}