{"id":2886,"date":"2022-09-11T08:24:23","date_gmt":"2022-09-11T08:24:23","guid":{"rendered":"https:\/\/koraledetale.pl\/?post_type=product&#038;p=2886"},"modified":"2024-08-04T16:09:07","modified_gmt":"2024-08-04T16:09:07","slug":"mala-na-spokoj","status":"publish","type":"product","link":"https:\/\/koraledetale.pl\/?product=mala-na-spokoj","title":{"rendered":"Mala na spok\u00f3j"},"content":{"rendered":"<p>Wielko\u015b\u0107 kamieni:<\/p>\n<ul>\n<li>howlit &#8211; 6 mm i 29 x 20 x 9 mm (guru),<\/li>\n<li>jaspis \u2013 6 mm.<\/li>\n<\/ul>\n<p>D\u0142ugo\u015b\u0107 mali \u2013 82 cm + guru \u2013 3 cm.<\/p>\n","protected":false},"excerpt":{"rendered":"<p>Mala z howlitami turkusowymi i jaspisami, z du\u017cym howilitem jako guru.<\/p>\n","protected":false},"featured_media":2900,"comment_status":"open","ping_status":"closed","template":"","meta":{"advanced_seo_description":"","jetpack_seo_html_title":"","jetpack_seo_noindex":false},"product_brand":[],"product_cat":[229],"product_tag":[463,724,1044,1043,832,772],"class_list":{"0":"post-2886","1":"product","2":"type-product","3":"status-publish","4":"has-post-thumbnail","6":"product_cat-sprzedane","7":"product_tag-howlit-turkusowy","8":"product_tag-jaspis","9":"product_tag-mala-turkusowa","10":"product_tag-mala-z-howlitem-turkusowym-i-jaspisem","11":"product_tag-mala-z-kamieniami-naturalnymi","12":"product_tag-naszyjnik-do-medytacji","14":"first","15":"outofstock","16":"shipping-taxable","17":"purchasable","18":"product-type-simple"},"jetpack_sharing_enabled":true,"_links":{"self":[{"href":"https:\/\/koraledetale.pl\/index.php?rest_route=\/wp\/v2\/product\/2886","targetHints":{"allow":["GET"]}}],"collection":[{"href":"https:\/\/koraledetale.pl\/index.php?rest_route=\/wp\/v2\/product"}],"about":[{"href":"https:\/\/koraledetale.pl\/index.php?rest_route=\/wp\/v2\/types\/product"}],"replies":[{"embeddable":true,"href":"https:\/\/koraledetale.pl\/index.php?rest_route=%2Fwp%2Fv2%2Fcomments&post=2886"}],"wp:featuredmedia":[{"embeddable":true,"href":"https:\/\/koraledetale.pl\/index.php?rest_route=\/wp\/v2\/media\/2900"}],"wp:attachment":[{"href":"https:\/\/koraledetale.pl\/index.php?rest_route=%2Fwp%2Fv2%2Fmedia&parent=2886"}],"wp:term":[{"taxonomy":"product_brand","embeddable":true,"href":"https:\/\/koraledetale.pl\/index.php?rest_route=%2Fwp%2Fv2%2Fproduct_brand&post=2886"},{"taxonomy":"product_cat","embeddable":true,"href":"https:\/\/koraledetale.pl\/index.php?rest_route=%2Fwp%2Fv2%2Fproduct_cat&post=2886"},{"taxonomy":"product_tag","embeddable":true,"href":"https:\/\/koraledetale.pl\/index.php?rest_route=%2Fwp%2Fv2%2Fproduct_tag&post=2886"}],"curies":[{"name":"wp","href":"https:\/\/api.w.org\/{rel}","templated":true}]}}