{"id":2885,"date":"2022-09-09T08:07:23","date_gmt":"2022-09-09T08:07:23","guid":{"rendered":"https:\/\/koraledetale.pl\/?post_type=product&#038;p=2885"},"modified":"2025-08-26T13:32:09","modified_gmt":"2025-08-26T13:32:09","slug":"kolczyki-asymetryczne-z-chryzokola-i-piorkami","status":"publish","type":"product","link":"https:\/\/koraledetale.pl\/?product=kolczyki-asymetryczne-z-chryzokola-i-piorkami","title":{"rendered":"Kolczyki ASYMETRYCZNE z chryzokol\u0105 i pi\u00f3rkami"},"content":{"rendered":"<p>Wielko\u015b\u0107 kamieni:<\/p>\n<ul>\n<li>chryzokola &#8211; 7 x 7 x 4 mm,<\/li>\n<li>hematyt &#8211; 2 x 1 mm.<\/li>\n<\/ul>\n<p>D\u0142ugo\u015b\u0107 kolczyk\u00f3w:<\/p>\n<ul>\n<li>kr\u00f3tszego &#8211; 2,9 cm,<\/li>\n<li>d\u0142u\u017cszego &#8211; 3,5 cm.<\/li>\n<\/ul>\n","protected":false},"excerpt":{"rendered":"<p>Asymetryczne koczyki na sztyftach z pi\u00f3rkami i chryzokol\u0105.<\/p>\n<p>Wszystkie elementy metalowe wykonane s\u0105 z nieuczulaj\u0105cej stali chirurgicznej (szlachetnej).<\/p>\n","protected":false},"featured_media":2881,"comment_status":"open","ping_status":"closed","template":"","meta":{"advanced_seo_description":"","jetpack_seo_html_title":"","jetpack_seo_noindex":false},"product_brand":[],"product_cat":[229],"product_tag":[1006,1041,120,1042,107,108,31],"class_list":{"0":"post-2885","1":"product","2":"type-product","3":"status-publish","4":"has-post-thumbnail","6":"product_cat-sprzedane","7":"product_tag-asymetryczne-kolczyki-na-sztyftach","8":"product_tag-asymetryczne-kolczyki-z-piorkami","9":"product_tag-chryzokola","10":"product_tag-kolczyki-z-chryzokola","11":"product_tag-kolczyki-ze-stali-chirurgicznej","12":"product_tag-kolczyki-ze-stali-szlachetnej","13":"product_tag-zloty-hematyt","15":"first","16":"outofstock","17":"shipping-taxable","18":"product-type-simple"},"jetpack_sharing_enabled":true,"_links":{"self":[{"href":"https:\/\/koraledetale.pl\/index.php?rest_route=\/wp\/v2\/product\/2885","targetHints":{"allow":["GET"]}}],"collection":[{"href":"https:\/\/koraledetale.pl\/index.php?rest_route=\/wp\/v2\/product"}],"about":[{"href":"https:\/\/koraledetale.pl\/index.php?rest_route=\/wp\/v2\/types\/product"}],"replies":[{"embeddable":true,"href":"https:\/\/koraledetale.pl\/index.php?rest_route=%2Fwp%2Fv2%2Fcomments&post=2885"}],"wp:featuredmedia":[{"embeddable":true,"href":"https:\/\/koraledetale.pl\/index.php?rest_route=\/wp\/v2\/media\/2881"}],"wp:attachment":[{"href":"https:\/\/koraledetale.pl\/index.php?rest_route=%2Fwp%2Fv2%2Fmedia&parent=2885"}],"wp:term":[{"taxonomy":"product_brand","embeddable":true,"href":"https:\/\/koraledetale.pl\/index.php?rest_route=%2Fwp%2Fv2%2Fproduct_brand&post=2885"},{"taxonomy":"product_cat","embeddable":true,"href":"https:\/\/koraledetale.pl\/index.php?rest_route=%2Fwp%2Fv2%2Fproduct_cat&post=2885"},{"taxonomy":"product_tag","embeddable":true,"href":"https:\/\/koraledetale.pl\/index.php?rest_route=%2Fwp%2Fv2%2Fproduct_tag&post=2885"}],"curies":[{"name":"wp","href":"https:\/\/api.w.org\/{rel}","templated":true}]}}