{"id":2880,"date":"2022-09-09T07:59:57","date_gmt":"2022-09-09T07:59:57","guid":{"rendered":"https:\/\/koraledetale.pl\/?post_type=product&#038;p=2880"},"modified":"2022-09-09T07:59:57","modified_gmt":"2022-09-09T07:59:57","slug":"kolczyki-asymetryczne-z-akwamarynem-i-apatytem","status":"publish","type":"product","link":"https:\/\/koraledetale.pl\/?product=kolczyki-asymetryczne-z-akwamarynem-i-apatytem","title":{"rendered":"Kolczyki ASYMETRYCZNE z akwamarynem i apatytem"},"content":{"rendered":"<p>Wielko\u015b\u0107 kamieni:<\/p>\n<ul>\n<li>akwamaryn &#8211; 19 x 13 x 6 mm,<\/li>\n<li>apatyt &#8211; 4 mm,<\/li>\n<li>hematyt &#8211; 4 x 2 mm i 2 x 1 mm.<\/li>\n<\/ul>\n<p>D\u0142ugo\u015b\u0107 kolczyk\u00f3w &#8211; 5,6 cm.<\/p>\n","protected":false},"excerpt":{"rendered":"<p>D\u0142ugie asymetryczne kolczyki z akwamarynami i apatytami, przeplatanymi srebrnymi hematytami.<\/p>\n<p>Wszystkie elementy metalowe wykonane s\u0105 z nieuczulaj\u0105cej stali chirurgicznej (szlachetnej).<\/p>\n","protected":false},"featured_media":2882,"comment_status":"open","ping_status":"closed","template":"","meta":{"advanced_seo_description":"","jetpack_seo_html_title":"","jetpack_seo_noindex":false},"product_brand":[],"product_cat":[18],"product_tag":[93,92,1039,815,866,1040,107,26],"class_list":{"0":"post-2880","1":"product","2":"type-product","3":"status-publish","4":"has-post-thumbnail","6":"product_cat-kolczyki","7":"product_tag-akwamaryn","8":"product_tag-apatyt","9":"product_tag-asymetryczne-kolczyki-z-blekitnymi-kamieniami","10":"product_tag-dlugie-kolczyki-z-kamieniami-naturalnymi","11":"product_tag-dlugie-kolczyki-ze-stali-szlachetnej","12":"product_tag-kolczyki-z-akwamarynami-i-apatytami","13":"product_tag-kolczyki-ze-stali-chirurgicznej","14":"product_tag-srebrny-hematyt","16":"first","17":"instock","18":"shipping-taxable","19":"purchasable","20":"product-type-simple"},"jetpack_sharing_enabled":true,"_links":{"self":[{"href":"https:\/\/koraledetale.pl\/index.php?rest_route=\/wp\/v2\/product\/2880","targetHints":{"allow":["GET"]}}],"collection":[{"href":"https:\/\/koraledetale.pl\/index.php?rest_route=\/wp\/v2\/product"}],"about":[{"href":"https:\/\/koraledetale.pl\/index.php?rest_route=\/wp\/v2\/types\/product"}],"replies":[{"embeddable":true,"href":"https:\/\/koraledetale.pl\/index.php?rest_route=%2Fwp%2Fv2%2Fcomments&post=2880"}],"wp:featuredmedia":[{"embeddable":true,"href":"https:\/\/koraledetale.pl\/index.php?rest_route=\/wp\/v2\/media\/2882"}],"wp:attachment":[{"href":"https:\/\/koraledetale.pl\/index.php?rest_route=%2Fwp%2Fv2%2Fmedia&parent=2880"}],"wp:term":[{"taxonomy":"product_brand","embeddable":true,"href":"https:\/\/koraledetale.pl\/index.php?rest_route=%2Fwp%2Fv2%2Fproduct_brand&post=2880"},{"taxonomy":"product_cat","embeddable":true,"href":"https:\/\/koraledetale.pl\/index.php?rest_route=%2Fwp%2Fv2%2Fproduct_cat&post=2880"},{"taxonomy":"product_tag","embeddable":true,"href":"https:\/\/koraledetale.pl\/index.php?rest_route=%2Fwp%2Fv2%2Fproduct_tag&post=2880"}],"curies":[{"name":"wp","href":"https:\/\/api.w.org\/{rel}","templated":true}]}}