{"id":2878,"date":"2022-09-08T08:40:19","date_gmt":"2022-09-08T08:40:19","guid":{"rendered":"https:\/\/koraledetale.pl\/?post_type=product&#038;p=2878"},"modified":"2022-09-20T12:12:46","modified_gmt":"2022-09-20T12:12:46","slug":"kolczyki-babie-lato-z-zielonym-onyksem","status":"publish","type":"product","link":"https:\/\/koraledetale.pl\/?product=kolczyki-babie-lato-z-zielonym-onyksem","title":{"rendered":"Kolczyki BABIE LATO z zielonym onyksem"},"content":{"rendered":"<p>Wielko\u015b\u0107 onyksu: 10,5 x 9,5 x 5 mm.<\/p>\n<p>D\u0142ugo\u015b\u0107 kolczyk\u00f3w- 2,5 cm.<\/p>\n","protected":false},"excerpt":{"rendered":"<p>Kr\u00f3tkie kolczyki na sztyftach z \u0142ezk\u0105 zielonego onyksu, zawieszon\u0105 na ozdobnym k\u00f3\u0142ku.<\/p>\n<p>Kolczyki wykonane s\u0105 z nieuczulaj\u0105cej stali chirurgicznej (szlachetnej).<\/p>\n","protected":false},"featured_media":2872,"comment_status":"open","ping_status":"closed","template":"","meta":{"advanced_seo_description":"","jetpack_seo_html_title":"","jetpack_seo_noindex":false},"product_brand":[],"product_cat":[229],"product_tag":[1036,1037,107,108,417,1038],"class_list":{"0":"post-2878","1":"product","2":"type-product","3":"status-publish","4":"has-post-thumbnail","6":"product_cat-sprzedane","7":"product_tag-kolczyki-z-zielonym-onyksem","8":"product_tag-kolczyki-z-lazka-onyksu","9":"product_tag-kolczyki-ze-stali-chirurgicznej","10":"product_tag-kolczyki-ze-stali-szlachetnej","11":"product_tag-krotkie-kolczyki-na-sztyftach","12":"product_tag-onyks-zielony","14":"first","15":"outofstock","16":"shipping-taxable","17":"purchasable","18":"product-type-simple"},"jetpack_sharing_enabled":true,"_links":{"self":[{"href":"https:\/\/koraledetale.pl\/index.php?rest_route=\/wp\/v2\/product\/2878","targetHints":{"allow":["GET"]}}],"collection":[{"href":"https:\/\/koraledetale.pl\/index.php?rest_route=\/wp\/v2\/product"}],"about":[{"href":"https:\/\/koraledetale.pl\/index.php?rest_route=\/wp\/v2\/types\/product"}],"replies":[{"embeddable":true,"href":"https:\/\/koraledetale.pl\/index.php?rest_route=%2Fwp%2Fv2%2Fcomments&post=2878"}],"wp:featuredmedia":[{"embeddable":true,"href":"https:\/\/koraledetale.pl\/index.php?rest_route=\/wp\/v2\/media\/2872"}],"wp:attachment":[{"href":"https:\/\/koraledetale.pl\/index.php?rest_route=%2Fwp%2Fv2%2Fmedia&parent=2878"}],"wp:term":[{"taxonomy":"product_brand","embeddable":true,"href":"https:\/\/koraledetale.pl\/index.php?rest_route=%2Fwp%2Fv2%2Fproduct_brand&post=2878"},{"taxonomy":"product_cat","embeddable":true,"href":"https:\/\/koraledetale.pl\/index.php?rest_route=%2Fwp%2Fv2%2Fproduct_cat&post=2878"},{"taxonomy":"product_tag","embeddable":true,"href":"https:\/\/koraledetale.pl\/index.php?rest_route=%2Fwp%2Fv2%2Fproduct_tag&post=2878"}],"curies":[{"name":"wp","href":"https:\/\/api.w.org\/{rel}","templated":true}]}}