{"id":2856,"date":"2022-09-06T09:03:40","date_gmt":"2022-09-06T09:03:40","guid":{"rendered":"https:\/\/koraledetale.pl\/?post_type=product&#038;p=2856"},"modified":"2022-09-21T09:50:27","modified_gmt":"2022-09-21T09:50:27","slug":"naszyjnik-lato-z-chalcedonem","status":"publish","type":"product","link":"https:\/\/koraledetale.pl\/?product=naszyjnik-lato-z-chalcedonem","title":{"rendered":"Naszyjnik LATO z chalcedonem"},"content":{"rendered":"<p>Wielko\u015b\u0107 chalcedonu: 14 x 12 x 8 mm.<\/p>\n<p>D\u0142ugo\u015b\u0107 \u0142a\u0144cucha: 47 cm + zawieszka 3 cm.<\/p>\n","protected":false},"excerpt":{"rendered":"<p>Naszyjnik z \u0142a\u0144cuszka o du\u017cych, karbowanych oczkach, z du\u017c\u0105 \u0142ezk\u0105 chalcedonu, zawieszon\u0105 na grubym k\u00f3\u0142ku i zapi\u0119ciem z przodu.<\/p>\n<p>\u0141a\u0144cuszek wykonany jest z nieuczulaj\u0105cej stali chirurgicznej (szlachetnej).<\/p>\n<p>&nbsp;<\/p>\n","protected":false},"featured_media":2857,"comment_status":"open","ping_status":"closed","template":"","meta":{"advanced_seo_description":"","jetpack_seo_html_title":"","jetpack_seo_noindex":false},"product_brand":[],"product_cat":[229],"product_tag":[439,791,1028],"class_list":{"0":"post-2856","1":"product","2":"type-product","3":"status-publish","4":"has-post-thumbnail","6":"product_cat-sprzedane","7":"product_tag-chalcedon","8":"product_tag-naszyjnik-z-chalcedonem","9":"product_tag-lancuszek-z-chalcedonem","11":"first","12":"outofstock","13":"shipping-taxable","14":"purchasable","15":"product-type-simple"},"jetpack_sharing_enabled":true,"_links":{"self":[{"href":"https:\/\/koraledetale.pl\/index.php?rest_route=\/wp\/v2\/product\/2856","targetHints":{"allow":["GET"]}}],"collection":[{"href":"https:\/\/koraledetale.pl\/index.php?rest_route=\/wp\/v2\/product"}],"about":[{"href":"https:\/\/koraledetale.pl\/index.php?rest_route=\/wp\/v2\/types\/product"}],"replies":[{"embeddable":true,"href":"https:\/\/koraledetale.pl\/index.php?rest_route=%2Fwp%2Fv2%2Fcomments&post=2856"}],"wp:featuredmedia":[{"embeddable":true,"href":"https:\/\/koraledetale.pl\/index.php?rest_route=\/wp\/v2\/media\/2857"}],"wp:attachment":[{"href":"https:\/\/koraledetale.pl\/index.php?rest_route=%2Fwp%2Fv2%2Fmedia&parent=2856"}],"wp:term":[{"taxonomy":"product_brand","embeddable":true,"href":"https:\/\/koraledetale.pl\/index.php?rest_route=%2Fwp%2Fv2%2Fproduct_brand&post=2856"},{"taxonomy":"product_cat","embeddable":true,"href":"https:\/\/koraledetale.pl\/index.php?rest_route=%2Fwp%2Fv2%2Fproduct_cat&post=2856"},{"taxonomy":"product_tag","embeddable":true,"href":"https:\/\/koraledetale.pl\/index.php?rest_route=%2Fwp%2Fv2%2Fproduct_tag&post=2856"}],"curies":[{"name":"wp","href":"https:\/\/api.w.org\/{rel}","templated":true}]}}