{"id":2823,"date":"2022-08-30T08:10:06","date_gmt":"2022-08-30T08:10:06","guid":{"rendered":"https:\/\/koraledetale.pl\/?post_type=product&#038;p=2823"},"modified":"2022-10-27T14:49:49","modified_gmt":"2022-10-27T14:49:49","slug":"bransoletka-drzewo-zycia-z-kianitem-i-akwamarynem","status":"publish","type":"product","link":"https:\/\/koraledetale.pl\/?product=bransoletka-drzewo-zycia-z-kianitem-i-akwamarynem","title":{"rendered":"Bransoletka DRZEWO \u017bYCIA z kianitem i akwamarynem"},"content":{"rendered":"<p>Wielko\u015b\u0107 kamieni:<\/p>\n<ul>\n<li>kianit \u2013 3 mm,<\/li>\n<li>akwamaryn \u2013 3 mm,<\/li>\n<li>hematyt \u2013 2 mm.<\/li>\n<\/ul>\n<p>\u015arednica zawieszki \u2013 10 cm.<\/p>\n<p>D\u0142ugo\u015b\u0107 bransoletki: 16 \u2013 18,5 cm.<\/p>\n","protected":false},"excerpt":{"rendered":"<p>Bransoletka z atramentowymi kianitami, z wplecionymi akwamarynami pomi\u0119dzy z\u0142otymi hematytami, zasup\u0142anymi na b\u0142\u0119kitnej nitce, z zawieszk\u0105 \u2013 drzewem \u017cycia i b\u0142\u0119kitnym chwo\u015bcikiem.<\/p>\n<p>Wszystkie elementy metalowe wykonane s\u0105 z nieuczulaj\u0105cej stali chirurgicznej (szlachetnej).<\/p>\n","protected":false},"featured_media":2819,"comment_status":"open","ping_status":"closed","template":"","meta":{"advanced_seo_description":"","jetpack_seo_html_title":"","jetpack_seo_noindex":false},"product_brand":[],"product_cat":[229],"product_tag":[93,1019,632,80,1020,633,323,31],"class_list":{"0":"post-2823","1":"product","2":"type-product","3":"status-publish","4":"has-post-thumbnail","6":"product_cat-sprzedane","7":"product_tag-akwamaryn","8":"product_tag-bransoletka-z-akwamarynem-i-kianitem","9":"product_tag-bransoletka-z-drzewem-zycia","10":"product_tag-bransoletka-z-kamieniami-naturalnymi","11":"product_tag-bransoletka-z-kianitami-i-akwamarynem","12":"product_tag-drzewo-zycia","13":"product_tag-kianit","14":"product_tag-zloty-hematyt","16":"first","17":"outofstock","18":"shipping-taxable","19":"purchasable","20":"product-type-simple"},"jetpack_sharing_enabled":true,"_links":{"self":[{"href":"https:\/\/koraledetale.pl\/index.php?rest_route=\/wp\/v2\/product\/2823","targetHints":{"allow":["GET"]}}],"collection":[{"href":"https:\/\/koraledetale.pl\/index.php?rest_route=\/wp\/v2\/product"}],"about":[{"href":"https:\/\/koraledetale.pl\/index.php?rest_route=\/wp\/v2\/types\/product"}],"replies":[{"embeddable":true,"href":"https:\/\/koraledetale.pl\/index.php?rest_route=%2Fwp%2Fv2%2Fcomments&post=2823"}],"wp:featuredmedia":[{"embeddable":true,"href":"https:\/\/koraledetale.pl\/index.php?rest_route=\/wp\/v2\/media\/2819"}],"wp:attachment":[{"href":"https:\/\/koraledetale.pl\/index.php?rest_route=%2Fwp%2Fv2%2Fmedia&parent=2823"}],"wp:term":[{"taxonomy":"product_brand","embeddable":true,"href":"https:\/\/koraledetale.pl\/index.php?rest_route=%2Fwp%2Fv2%2Fproduct_brand&post=2823"},{"taxonomy":"product_cat","embeddable":true,"href":"https:\/\/koraledetale.pl\/index.php?rest_route=%2Fwp%2Fv2%2Fproduct_cat&post=2823"},{"taxonomy":"product_tag","embeddable":true,"href":"https:\/\/koraledetale.pl\/index.php?rest_route=%2Fwp%2Fv2%2Fproduct_tag&post=2823"}],"curies":[{"name":"wp","href":"https:\/\/api.w.org\/{rel}","templated":true}]}}