{"id":2816,"date":"2022-08-28T20:40:51","date_gmt":"2022-08-28T20:40:51","guid":{"rendered":"https:\/\/koraledetale.pl\/?post_type=product&#038;p=2816"},"modified":"2023-10-10T09:29:21","modified_gmt":"2023-10-10T09:29:21","slug":"kolczyki-zmrozone-z-akwamarynem-i-perla","status":"publish","type":"product","link":"https:\/\/koraledetale.pl\/?product=kolczyki-zmrozone-z-akwamarynem-i-perla","title":{"rendered":"Kolczyki ZMRO\u017bONE z akwamarynem i per\u0142\u0105"},"content":{"rendered":"<p>Wielko\u015b\u0107 kamieni:<\/p>\n<ul>\n<li>akwamaryn &#8211; 12 x 8 mm,<\/li>\n<li>per\u0142a &#8211; 5 x 4 mm,<\/li>\n<li>hematyt &#8211; 4 x 2 mm.<\/li>\n<\/ul>\n<p>D\u0142ugo\u015b\u0107 kolczyk\u00f3w &#8211; 3,1 cm.<\/p>\n","protected":false},"excerpt":{"rendered":"<p>Kolczyki k\u00f3\u0142ka z wa\u0142eczkiem akwamarynu, r\u00f3\u017cow\u0105 per\u0142\u0105 i z\u0142otymi hematytami. Wszystkie elementy metalowe wykonane s\u0105 z nieuczulaj\u0105cej stali chirurgicznej (szlachetnej).<\/p>\n","protected":false},"featured_media":2814,"comment_status":"open","ping_status":"closed","template":"","meta":{"advanced_seo_description":"","jetpack_seo_html_title":"","jetpack_seo_noindex":false},"product_brand":[],"product_cat":[229],"product_tag":[226,817,95,1018],"class_list":{"0":"post-2816","1":"product","2":"type-product","3":"status-publish","4":"has-post-thumbnail","6":"product_cat-sprzedane","7":"product_tag-kolczyki-kolka","8":"product_tag-kolczyki-z-akwamarynem","9":"product_tag-kolczyki-z-kamieniami-naturalnymi","10":"product_tag-kolczyki-z-rozowa-perla","12":"first","13":"outofstock","14":"shipping-taxable","15":"purchasable","16":"product-type-simple"},"jetpack_sharing_enabled":true,"_links":{"self":[{"href":"https:\/\/koraledetale.pl\/index.php?rest_route=\/wp\/v2\/product\/2816","targetHints":{"allow":["GET"]}}],"collection":[{"href":"https:\/\/koraledetale.pl\/index.php?rest_route=\/wp\/v2\/product"}],"about":[{"href":"https:\/\/koraledetale.pl\/index.php?rest_route=\/wp\/v2\/types\/product"}],"replies":[{"embeddable":true,"href":"https:\/\/koraledetale.pl\/index.php?rest_route=%2Fwp%2Fv2%2Fcomments&post=2816"}],"wp:featuredmedia":[{"embeddable":true,"href":"https:\/\/koraledetale.pl\/index.php?rest_route=\/wp\/v2\/media\/2814"}],"wp:attachment":[{"href":"https:\/\/koraledetale.pl\/index.php?rest_route=%2Fwp%2Fv2%2Fmedia&parent=2816"}],"wp:term":[{"taxonomy":"product_brand","embeddable":true,"href":"https:\/\/koraledetale.pl\/index.php?rest_route=%2Fwp%2Fv2%2Fproduct_brand&post=2816"},{"taxonomy":"product_cat","embeddable":true,"href":"https:\/\/koraledetale.pl\/index.php?rest_route=%2Fwp%2Fv2%2Fproduct_cat&post=2816"},{"taxonomy":"product_tag","embeddable":true,"href":"https:\/\/koraledetale.pl\/index.php?rest_route=%2Fwp%2Fv2%2Fproduct_tag&post=2816"}],"curies":[{"name":"wp","href":"https:\/\/api.w.org\/{rel}","templated":true}]}}