{"id":2805,"date":"2022-08-27T17:37:50","date_gmt":"2022-08-27T17:37:50","guid":{"rendered":"https:\/\/koraledetale.pl\/?post_type=product&#038;p=2805"},"modified":"2023-02-25T18:50:33","modified_gmt":"2023-02-25T18:50:33","slug":"naszyjnik-serce-ii-z-szarych-perel","status":"publish","type":"product","link":"https:\/\/koraledetale.pl\/?product=naszyjnik-serce-ii-z-szarych-perel","title":{"rendered":"Naszyjnik SERCE II z szarych pere\u0142"},"content":{"rendered":"<p>Wielko\u015b\u0107 kamieni:<\/p>\n<ul>\n<li>per\u0142a &#8211; ok. 6 x 4,5 mm,<\/li>\n<li>hematyt &#8211; 2 mm.<\/li>\n<\/ul>\n<p>D\u0142ugo\u015b\u0107 naszyjnika: 40 &#8211; 45 cm.<\/p>\n","protected":false},"excerpt":{"rendered":"<p>Naszyjnik z nieregularnych szarych pere\u0142 z zawieszk\u0105 &#8211; m\u0142otkowanym sercem. Naszyjnik posiada regulacj\u0119 d\u0142ugo\u015bci w zakresie 5 cm.<\/p>\n<p>Wszystkie elementy metalowe wykonane s\u0105 z nieuczulaj\u0105cej stali chirurgicznej (szlachetnej).<\/p>\n","protected":false},"featured_media":2806,"comment_status":"open","ping_status":"closed","template":"","meta":{"advanced_seo_description":"","jetpack_seo_html_title":"","jetpack_seo_noindex":false},"product_brand":[],"product_cat":[229],"product_tag":[1016,110,183,57,520,26,72],"class_list":{"0":"post-2805","1":"product","2":"type-product","3":"status-publish","4":"has-post-thumbnail","6":"product_cat-sprzedane","7":"product_tag-naszyjnik-z-nieregularnych-perel","8":"product_tag-naszyjnik-z-perel","9":"product_tag-naszyjnik-z-perlami","10":"product_tag-perla","11":"product_tag-serce","12":"product_tag-srebrny-hematyt","13":"product_tag-zawieszka","15":"first","16":"outofstock","17":"shipping-taxable","18":"purchasable","19":"product-type-simple"},"jetpack_sharing_enabled":true,"_links":{"self":[{"href":"https:\/\/koraledetale.pl\/index.php?rest_route=\/wp\/v2\/product\/2805","targetHints":{"allow":["GET"]}}],"collection":[{"href":"https:\/\/koraledetale.pl\/index.php?rest_route=\/wp\/v2\/product"}],"about":[{"href":"https:\/\/koraledetale.pl\/index.php?rest_route=\/wp\/v2\/types\/product"}],"replies":[{"embeddable":true,"href":"https:\/\/koraledetale.pl\/index.php?rest_route=%2Fwp%2Fv2%2Fcomments&post=2805"}],"wp:featuredmedia":[{"embeddable":true,"href":"https:\/\/koraledetale.pl\/index.php?rest_route=\/wp\/v2\/media\/2806"}],"wp:attachment":[{"href":"https:\/\/koraledetale.pl\/index.php?rest_route=%2Fwp%2Fv2%2Fmedia&parent=2805"}],"wp:term":[{"taxonomy":"product_brand","embeddable":true,"href":"https:\/\/koraledetale.pl\/index.php?rest_route=%2Fwp%2Fv2%2Fproduct_brand&post=2805"},{"taxonomy":"product_cat","embeddable":true,"href":"https:\/\/koraledetale.pl\/index.php?rest_route=%2Fwp%2Fv2%2Fproduct_cat&post=2805"},{"taxonomy":"product_tag","embeddable":true,"href":"https:\/\/koraledetale.pl\/index.php?rest_route=%2Fwp%2Fv2%2Fproduct_tag&post=2805"}],"curies":[{"name":"wp","href":"https:\/\/api.w.org\/{rel}","templated":true}]}}