{"id":2801,"date":"2022-08-26T10:40:51","date_gmt":"2022-08-26T10:40:51","guid":{"rendered":"https:\/\/koraledetale.pl\/?post_type=product&#038;p=2801"},"modified":"2022-12-06T13:24:00","modified_gmt":"2022-12-06T13:24:00","slug":"naszyjnik-casablanca-z-perlami-hematytami-i-kwarcem-z-rutylem","status":"publish","type":"product","link":"https:\/\/koraledetale.pl\/?product=naszyjnik-casablanca-z-perlami-hematytami-i-kwarcem-z-rutylem","title":{"rendered":"Naszyjnik CASABLANCA z per\u0142ami, hematytami i kwarcem z rutylem"},"content":{"rendered":"<p>Wielko\u015b\u0107 kamieni:<\/p>\n<ul>\n<li>hematyt &#8211; 3 mm,<\/li>\n<li>per\u0142a szara &#8211; 4,5 x 3,5 mm,<\/li>\n<li>per\u0142a \u00e9cru &#8211; 10 x 10 mm,<\/li>\n<li>kwarc z rutylem &#8211; 22 x 16 x 7,5 mm.<\/li>\n<\/ul>\n<p>D\u0142ugo\u015b\u0107 naszyjnika: 80 cm + zawieszka 4,5 cm.<\/p>\n","protected":false},"excerpt":{"rendered":"<p>D\u0142ugi naszyjnik z grafitowych, skrz\u0105cych hematyt\u00f3w, z szarymi per\u0142ami u do\u0142u, zawieszk\u0105 z du\u017cej nieregularnej per\u0142y oraz du\u017cego kwarcu z inkluzjami rutylu.<\/p>\n","protected":false},"featured_media":2802,"comment_status":"open","ping_status":"closed","template":"","meta":{"advanced_seo_description":"","jetpack_seo_html_title":"","jetpack_seo_noindex":false},"product_brand":[],"product_cat":[229],"product_tag":[408,67,480,144,66,61,72],"class_list":{"0":"post-2801","1":"product","2":"type-product","3":"status-publish","4":"has-post-thumbnail","6":"product_cat-sprzedane","7":"product_tag-dlugi-naszyjnik-z-perlami","8":"product_tag-hematyt","9":"product_tag-kwarc-z-rutylem","10":"product_tag-naszyjnik-z-hematytow","11":"product_tag-naszyjnik-z-kamieniami-naturalnymi","12":"product_tag-szara-perla","13":"product_tag-zawieszka","15":"first","16":"outofstock","17":"shipping-taxable","18":"purchasable","19":"product-type-simple"},"jetpack_sharing_enabled":true,"_links":{"self":[{"href":"https:\/\/koraledetale.pl\/index.php?rest_route=\/wp\/v2\/product\/2801","targetHints":{"allow":["GET"]}}],"collection":[{"href":"https:\/\/koraledetale.pl\/index.php?rest_route=\/wp\/v2\/product"}],"about":[{"href":"https:\/\/koraledetale.pl\/index.php?rest_route=\/wp\/v2\/types\/product"}],"replies":[{"embeddable":true,"href":"https:\/\/koraledetale.pl\/index.php?rest_route=%2Fwp%2Fv2%2Fcomments&post=2801"}],"wp:featuredmedia":[{"embeddable":true,"href":"https:\/\/koraledetale.pl\/index.php?rest_route=\/wp\/v2\/media\/2802"}],"wp:attachment":[{"href":"https:\/\/koraledetale.pl\/index.php?rest_route=%2Fwp%2Fv2%2Fmedia&parent=2801"}],"wp:term":[{"taxonomy":"product_brand","embeddable":true,"href":"https:\/\/koraledetale.pl\/index.php?rest_route=%2Fwp%2Fv2%2Fproduct_brand&post=2801"},{"taxonomy":"product_cat","embeddable":true,"href":"https:\/\/koraledetale.pl\/index.php?rest_route=%2Fwp%2Fv2%2Fproduct_cat&post=2801"},{"taxonomy":"product_tag","embeddable":true,"href":"https:\/\/koraledetale.pl\/index.php?rest_route=%2Fwp%2Fv2%2Fproduct_tag&post=2801"}],"curies":[{"name":"wp","href":"https:\/\/api.w.org\/{rel}","templated":true}]}}