{"id":2785,"date":"2022-08-15T18:48:47","date_gmt":"2022-08-15T18:48:47","guid":{"rendered":"https:\/\/koraledetale.pl\/?post_type=product&#038;p=2785"},"modified":"2022-08-31T10:59:58","modified_gmt":"2022-08-31T10:59:58","slug":"bransoletka-z-kamieniami-slonecznymi-i-ksiezycowymi-oraz-perla","status":"publish","type":"product","link":"https:\/\/koraledetale.pl\/?product=bransoletka-z-kamieniami-slonecznymi-i-ksiezycowymi-oraz-perla","title":{"rendered":"Bransoletka z kamieniami s\u0142onecznymi i ksi\u0119\u017cycowymi oraz per\u0142\u0105"},"content":{"rendered":"<p>Wielko\u015b\u0107 kamieni:<\/p>\n<ul>\n<li>kamie\u0144 ksi\u0119\u017cycowy i s\u0142oneczny \u2013 3,5 mm,<\/li>\n<li>per\u0142a \u2013 6 mm,<\/li>\n<li>hematyt \u2013 2 x 1 mm i 2 mm.<\/li>\n<\/ul>\n<p>D\u0142ugo\u015b\u0107 bransoletki: 15,8 \u2013 18,3 cm.<\/p>\n","protected":false},"excerpt":{"rendered":"<p>Bransoletka z kamieniami s\u0142onecznymi i ksi\u0119\u017cycowymi, ciemn\u0105 per\u0142\u0105 oraz z\u0142otymi hematytami.<\/p>\n<p>Wszystkie elementy metalowe wykonane s\u0105 z nieuczulaj\u0105cej stali chirurgicznej (szlachetnej).<\/p>\n","protected":false},"featured_media":2781,"comment_status":"open","ping_status":"closed","template":"","meta":{"advanced_seo_description":"","jetpack_seo_html_title":"","jetpack_seo_noindex":false},"product_brand":[],"product_cat":[229],"product_tag":[80,1013,1014,64,94,31],"class_list":{"0":"post-2785","1":"product","2":"type-product","3":"status-publish","4":"has-post-thumbnail","6":"product_cat-sprzedane","7":"product_tag-bransoletka-z-kamieniami-naturalnymi","8":"product_tag-bransoletka-z-kamieniami-slonecznymi-i-ksiezycowymi","9":"product_tag-bransoletka-z-perla","10":"product_tag-kamien-ksiezycowy","11":"product_tag-kamien-sloneczny","12":"product_tag-zloty-hematyt","14":"first","15":"outofstock","16":"shipping-taxable","17":"purchasable","18":"product-type-simple"},"jetpack_sharing_enabled":true,"_links":{"self":[{"href":"https:\/\/koraledetale.pl\/index.php?rest_route=\/wp\/v2\/product\/2785","targetHints":{"allow":["GET"]}}],"collection":[{"href":"https:\/\/koraledetale.pl\/index.php?rest_route=\/wp\/v2\/product"}],"about":[{"href":"https:\/\/koraledetale.pl\/index.php?rest_route=\/wp\/v2\/types\/product"}],"replies":[{"embeddable":true,"href":"https:\/\/koraledetale.pl\/index.php?rest_route=%2Fwp%2Fv2%2Fcomments&post=2785"}],"wp:featuredmedia":[{"embeddable":true,"href":"https:\/\/koraledetale.pl\/index.php?rest_route=\/wp\/v2\/media\/2781"}],"wp:attachment":[{"href":"https:\/\/koraledetale.pl\/index.php?rest_route=%2Fwp%2Fv2%2Fmedia&parent=2785"}],"wp:term":[{"taxonomy":"product_brand","embeddable":true,"href":"https:\/\/koraledetale.pl\/index.php?rest_route=%2Fwp%2Fv2%2Fproduct_brand&post=2785"},{"taxonomy":"product_cat","embeddable":true,"href":"https:\/\/koraledetale.pl\/index.php?rest_route=%2Fwp%2Fv2%2Fproduct_cat&post=2785"},{"taxonomy":"product_tag","embeddable":true,"href":"https:\/\/koraledetale.pl\/index.php?rest_route=%2Fwp%2Fv2%2Fproduct_tag&post=2785"}],"curies":[{"name":"wp","href":"https:\/\/api.w.org\/{rel}","templated":true}]}}