{"id":2775,"date":"2022-08-14T09:52:56","date_gmt":"2022-08-14T09:52:56","guid":{"rendered":"https:\/\/koraledetale.pl\/?post_type=product&#038;p=2775"},"modified":"2023-11-30T10:24:20","modified_gmt":"2023-11-30T10:24:20","slug":"naszyjnik-dwa-w-jednym-ze-spinelami-ametystami-i-onyksem","status":"publish","type":"product","link":"https:\/\/koraledetale.pl\/?product=naszyjnik-dwa-w-jednym-ze-spinelami-ametystami-i-onyksem","title":{"rendered":"Naszyjnik DWA W JEDNYM ze spinelami, ametystami i onyksem"},"content":{"rendered":"<p>Wielko\u015b\u0107 kamieni:<\/p>\n<ul>\n<li>onyks \u2013 16 x 6 mm,<\/li>\n<li>ametyst \u2013 3 mm i 12 x 7 x 4,5 mm,<\/li>\n<li>spinel &#8211; 3 mm,<\/li>\n<li>hematyt \u2013 2 x 1 mm, 2 mm i 3,5 x 2,5 mm.<\/li>\n<\/ul>\n<p>D\u0142ugo\u015b\u0107 naszyjnika do 65 cm.<\/p>\n","protected":false},"excerpt":{"rendered":"<p>Regulowany naszyjnik ze spinelami i ametystami przeplatanymi z\u0142otymi hematytami. Zwie\u0144czeniem naszyjnika s\u0105 zawieszki z onyksu, ametystu i spinelu.<\/p>\n<p>Wszystkie elementy metalowe wykonane s\u0105 z nieuczulaj\u0105cej stali chirurgicznej (szlachetnej).<\/p>\n","protected":false},"featured_media":2772,"comment_status":"open","ping_status":"closed","template":"","meta":{"advanced_seo_description":"","jetpack_seo_html_title":"","jetpack_seo_noindex":false},"product_brand":[],"product_cat":[229],"product_tag":[38,800,541,1008,39,31],"class_list":{"0":"post-2775","1":"product","2":"type-product","3":"status-publish","4":"has-post-thumbnail","6":"product_cat-sprzedane","7":"product_tag-ametyst","8":"product_tag-onyks","9":"product_tag-regulowany-naszyjnik-z-kamieniami-naturalnymi","10":"product_tag-regulowany-naszyjnik-ze-spinelami-i-ametystami","11":"product_tag-spinel","12":"product_tag-zloty-hematyt","14":"first","15":"outofstock","16":"shipping-taxable","17":"purchasable","18":"product-type-simple"},"jetpack_sharing_enabled":true,"_links":{"self":[{"href":"https:\/\/koraledetale.pl\/index.php?rest_route=\/wp\/v2\/product\/2775","targetHints":{"allow":["GET"]}}],"collection":[{"href":"https:\/\/koraledetale.pl\/index.php?rest_route=\/wp\/v2\/product"}],"about":[{"href":"https:\/\/koraledetale.pl\/index.php?rest_route=\/wp\/v2\/types\/product"}],"replies":[{"embeddable":true,"href":"https:\/\/koraledetale.pl\/index.php?rest_route=%2Fwp%2Fv2%2Fcomments&post=2775"}],"wp:featuredmedia":[{"embeddable":true,"href":"https:\/\/koraledetale.pl\/index.php?rest_route=\/wp\/v2\/media\/2772"}],"wp:attachment":[{"href":"https:\/\/koraledetale.pl\/index.php?rest_route=%2Fwp%2Fv2%2Fmedia&parent=2775"}],"wp:term":[{"taxonomy":"product_brand","embeddable":true,"href":"https:\/\/koraledetale.pl\/index.php?rest_route=%2Fwp%2Fv2%2Fproduct_brand&post=2775"},{"taxonomy":"product_cat","embeddable":true,"href":"https:\/\/koraledetale.pl\/index.php?rest_route=%2Fwp%2Fv2%2Fproduct_cat&post=2775"},{"taxonomy":"product_tag","embeddable":true,"href":"https:\/\/koraledetale.pl\/index.php?rest_route=%2Fwp%2Fv2%2Fproduct_tag&post=2775"}],"curies":[{"name":"wp","href":"https:\/\/api.w.org\/{rel}","templated":true}]}}