{"id":2768,"date":"2022-08-13T20:27:15","date_gmt":"2022-08-13T20:27:15","guid":{"rendered":"https:\/\/koraledetale.pl\/?post_type=product&#038;p=2768"},"modified":"2022-08-14T16:29:30","modified_gmt":"2022-08-14T16:29:30","slug":"kolczyki-dwa-w-jednym-z-onyksami-i-ametystami","status":"publish","type":"product","link":"https:\/\/koraledetale.pl\/?product=kolczyki-dwa-w-jednym-z-onyksami-i-ametystami","title":{"rendered":"Kolczyki DWA W JEDNYM z onyksami i ametystami"},"content":{"rendered":"<hr \/>\n<p>Wielko\u015b\u0107 kamieni:<\/p>\n<ul>\n<li>onyks &#8211; 16 x 6 mm,<\/li>\n<li>ametyst &#8211; 3 mm,<\/li>\n<li>hematyt &#8211; 2 x 1 mm i 2 mm.<\/li>\n<\/ul>\n<p>D\u0142ugo\u015b\u0107 kolczyk\u00f3w &#8211; 3,5 cm.<\/p>\n<p>&nbsp;<\/p>\n","protected":false},"excerpt":{"rendered":"<p>Asymetryczne kolczyki na sztyftach z onyksem, ametystem i z\u0142otymi hematytami.<\/p>\n<p>Wszystkie elementy metalowe wykonane s\u0105 z nieuczulaj\u0105cej stali chirurgicznej (szlachetnej).<\/p>\n","protected":false},"featured_media":2770,"comment_status":"open","ping_status":"closed","template":"","meta":{"advanced_seo_description":"","jetpack_seo_html_title":"","jetpack_seo_noindex":false},"product_brand":[],"product_cat":[229],"product_tag":[38,1006,1005,383,1007,800,31],"class_list":{"0":"post-2768","1":"product","2":"type-product","3":"status-publish","4":"has-post-thumbnail","6":"product_cat-sprzedane","7":"product_tag-ametyst","8":"product_tag-asymetryczne-kolczyki-na-sztyftach","9":"product_tag-kolczyki-na-sztyftach-z-kamieniami-naturalnymi","10":"product_tag-kolczyki-z-ametystami","11":"product_tag-kolczyki-z-onyksami","12":"product_tag-onyks","13":"product_tag-zloty-hematyt","15":"first","16":"outofstock","17":"shipping-taxable","18":"purchasable","19":"product-type-simple"},"jetpack_sharing_enabled":true,"_links":{"self":[{"href":"https:\/\/koraledetale.pl\/index.php?rest_route=\/wp\/v2\/product\/2768","targetHints":{"allow":["GET"]}}],"collection":[{"href":"https:\/\/koraledetale.pl\/index.php?rest_route=\/wp\/v2\/product"}],"about":[{"href":"https:\/\/koraledetale.pl\/index.php?rest_route=\/wp\/v2\/types\/product"}],"replies":[{"embeddable":true,"href":"https:\/\/koraledetale.pl\/index.php?rest_route=%2Fwp%2Fv2%2Fcomments&post=2768"}],"wp:featuredmedia":[{"embeddable":true,"href":"https:\/\/koraledetale.pl\/index.php?rest_route=\/wp\/v2\/media\/2770"}],"wp:attachment":[{"href":"https:\/\/koraledetale.pl\/index.php?rest_route=%2Fwp%2Fv2%2Fmedia&parent=2768"}],"wp:term":[{"taxonomy":"product_brand","embeddable":true,"href":"https:\/\/koraledetale.pl\/index.php?rest_route=%2Fwp%2Fv2%2Fproduct_brand&post=2768"},{"taxonomy":"product_cat","embeddable":true,"href":"https:\/\/koraledetale.pl\/index.php?rest_route=%2Fwp%2Fv2%2Fproduct_cat&post=2768"},{"taxonomy":"product_tag","embeddable":true,"href":"https:\/\/koraledetale.pl\/index.php?rest_route=%2Fwp%2Fv2%2Fproduct_tag&post=2768"}],"curies":[{"name":"wp","href":"https:\/\/api.w.org\/{rel}","templated":true}]}}