{"id":2766,"date":"2022-08-12T09:32:07","date_gmt":"2022-08-12T09:32:07","guid":{"rendered":"https:\/\/koraledetale.pl\/?post_type=product&#038;p=2766"},"modified":"2022-12-02T09:06:08","modified_gmt":"2022-12-02T09:06:08","slug":"kolczyki-szmaragdowa-noc-z-rozowym-kwarcem-i-szmaragdem","status":"publish","type":"product","link":"https:\/\/koraledetale.pl\/?product=kolczyki-szmaragdowa-noc-z-rozowym-kwarcem-i-szmaragdem","title":{"rendered":"Kolczyki SZMARAGDOWA NOC z r\u00f3\u017cowym kwarcem i szmaragdem"},"content":{"rendered":"<p>Wielko\u015b\u0107 kamieni:<\/p>\n<ul>\n<li>kwarc r\u00f3\u017cowy &#8211; 13 x 10 x 6 mm,<\/li>\n<li>szmaragd &#8211; 3 mm,<\/li>\n<li>hematyt &#8211; 2 x 1 mm.<\/li>\n<\/ul>\n<p>D\u0142ugo\u015b\u0107 kolczyk\u00f3w &#8211; 5 cm.<\/p>\n","protected":false},"excerpt":{"rendered":"<p>Kolczyki z \u0142ezk\u0105 r\u00f3\u017cowego kwarcu, szmaragdem i drobniutkimi hematytami oraz du\u017cym, a\u017curowym p\u00f3\u0142ksi\u0119\u017cycem.<\/p>\n<p>Wszystkie elementy metalowe wykonane s\u0105 z nieuczulaj\u0105cej stali chirurgicznej (szlachetnej).<\/p>\n","protected":false},"featured_media":2761,"comment_status":"open","ping_status":"closed","template":"","meta":{"advanced_seo_description":"","jetpack_seo_html_title":"","jetpack_seo_noindex":false},"product_brand":[],"product_cat":[229],"product_tag":[67,95,424,532,501,216,143],"class_list":{"0":"post-2766","1":"product","2":"type-product","3":"status-publish","4":"has-post-thumbnail","6":"product_cat-sprzedane","7":"product_tag-hematyt","8":"product_tag-kolczyki-z-kamieniami-naturalnymi","9":"product_tag-kolczyki-z-ksiezycem","10":"product_tag-kolczyki-z-rozowym-kwarcem","11":"product_tag-ksiezyc","12":"product_tag-kwarc-rozowy","13":"product_tag-szmaragd","15":"first","16":"outofstock","17":"shipping-taxable","18":"purchasable","19":"product-type-simple"},"jetpack_sharing_enabled":true,"_links":{"self":[{"href":"https:\/\/koraledetale.pl\/index.php?rest_route=\/wp\/v2\/product\/2766","targetHints":{"allow":["GET"]}}],"collection":[{"href":"https:\/\/koraledetale.pl\/index.php?rest_route=\/wp\/v2\/product"}],"about":[{"href":"https:\/\/koraledetale.pl\/index.php?rest_route=\/wp\/v2\/types\/product"}],"replies":[{"embeddable":true,"href":"https:\/\/koraledetale.pl\/index.php?rest_route=%2Fwp%2Fv2%2Fcomments&post=2766"}],"wp:featuredmedia":[{"embeddable":true,"href":"https:\/\/koraledetale.pl\/index.php?rest_route=\/wp\/v2\/media\/2761"}],"wp:attachment":[{"href":"https:\/\/koraledetale.pl\/index.php?rest_route=%2Fwp%2Fv2%2Fmedia&parent=2766"}],"wp:term":[{"taxonomy":"product_brand","embeddable":true,"href":"https:\/\/koraledetale.pl\/index.php?rest_route=%2Fwp%2Fv2%2Fproduct_brand&post=2766"},{"taxonomy":"product_cat","embeddable":true,"href":"https:\/\/koraledetale.pl\/index.php?rest_route=%2Fwp%2Fv2%2Fproduct_cat&post=2766"},{"taxonomy":"product_tag","embeddable":true,"href":"https:\/\/koraledetale.pl\/index.php?rest_route=%2Fwp%2Fv2%2Fproduct_tag&post=2766"}],"curies":[{"name":"wp","href":"https:\/\/api.w.org\/{rel}","templated":true}]}}