{"id":2755,"date":"2022-08-11T12:21:20","date_gmt":"2022-08-11T12:21:20","guid":{"rendered":"https:\/\/koraledetale.pl\/?post_type=product&#038;p=2755"},"modified":"2024-05-25T07:39:19","modified_gmt":"2024-05-25T07:39:19","slug":"kolczyki-sopelki-z-krysztalem-gorskim-kamieniem-slonecznym-i-sodalitem","status":"publish","type":"product","link":"https:\/\/koraledetale.pl\/?product=kolczyki-sopelki-z-krysztalem-gorskim-kamieniem-slonecznym-i-sodalitem","title":{"rendered":"Kolczyki SOPELKI z kryszta\u0142em g\u00f3rskim, kamieniem s\u0142onecznym i sodalitem"},"content":{"rendered":"<p>Wielko\u015b\u0107 kamieni:<\/p>\n<ul>\n<li>kryszta\u0142 g\u00f3rski &#8211; 23 x 6 mm,<\/li>\n<li>kamie\u0144 s\u0142oneczny &#8211; 5 mm,<\/li>\n<li>sodalit &#8211; 4,5 mm,<\/li>\n<li>hematyt &#8211; 3,5 x 2 mm.<\/li>\n<\/ul>\n<p>D\u0142ugo\u015b\u0107 kolczyk\u00f3w &#8211; 6,9 cm.<\/p>\n<p>&nbsp;<\/p>\n","protected":false},"excerpt":{"rendered":"<p>D\u0142ugie kolczyki na otwartych biglach z kamieniami s\u0142onecznymi (w dw\u00f3ch odcieniach) i sodalitem, przeplatanych z\u0142otymi hematytami. Zwie\u0144czeniem jest surowy grot kryszta\u0142u g\u00f3rskiego. Bigle wykonane s\u0105 z nieuczulaj\u0105cej stali chirurgicznej (szlachetnej).<\/p>\n","protected":false},"featured_media":2752,"comment_status":"open","ping_status":"closed","template":"","meta":{"advanced_seo_description":"","jetpack_seo_html_title":"","jetpack_seo_noindex":false},"product_brand":[],"product_cat":[229],"product_tag":[928,866,1002,95,107,702,1003],"class_list":{"0":"post-2755","1":"product","2":"type-product","3":"status-publish","4":"has-post-thumbnail","6":"product_cat-sprzedane","7":"product_tag-dlugie-kolczyki-z-krysztalem-gorskim","8":"product_tag-dlugie-kolczyki-ze-stali-szlachetnej","9":"product_tag-kamienie-sloneczne","10":"product_tag-kolczyki-z-kamieniami-naturalnymi","11":"product_tag-kolczyki-ze-stali-chirurgicznej","12":"product_tag-krysztal-gorski","13":"product_tag-sodalit","15":"first","16":"outofstock","17":"shipping-taxable","18":"purchasable","19":"product-type-simple"},"jetpack_sharing_enabled":true,"_links":{"self":[{"href":"https:\/\/koraledetale.pl\/index.php?rest_route=\/wp\/v2\/product\/2755","targetHints":{"allow":["GET"]}}],"collection":[{"href":"https:\/\/koraledetale.pl\/index.php?rest_route=\/wp\/v2\/product"}],"about":[{"href":"https:\/\/koraledetale.pl\/index.php?rest_route=\/wp\/v2\/types\/product"}],"replies":[{"embeddable":true,"href":"https:\/\/koraledetale.pl\/index.php?rest_route=%2Fwp%2Fv2%2Fcomments&post=2755"}],"wp:featuredmedia":[{"embeddable":true,"href":"https:\/\/koraledetale.pl\/index.php?rest_route=\/wp\/v2\/media\/2752"}],"wp:attachment":[{"href":"https:\/\/koraledetale.pl\/index.php?rest_route=%2Fwp%2Fv2%2Fmedia&parent=2755"}],"wp:term":[{"taxonomy":"product_brand","embeddable":true,"href":"https:\/\/koraledetale.pl\/index.php?rest_route=%2Fwp%2Fv2%2Fproduct_brand&post=2755"},{"taxonomy":"product_cat","embeddable":true,"href":"https:\/\/koraledetale.pl\/index.php?rest_route=%2Fwp%2Fv2%2Fproduct_cat&post=2755"},{"taxonomy":"product_tag","embeddable":true,"href":"https:\/\/koraledetale.pl\/index.php?rest_route=%2Fwp%2Fv2%2Fproduct_tag&post=2755"}],"curies":[{"name":"wp","href":"https:\/\/api.w.org\/{rel}","templated":true}]}}