{"id":2739,"date":"2022-08-10T10:09:17","date_gmt":"2022-08-10T10:09:17","guid":{"rendered":"https:\/\/koraledetale.pl\/?post_type=product&#038;p=2739"},"modified":"2023-06-12T10:31:24","modified_gmt":"2023-06-12T10:31:24","slug":"bransoletka-z-howlitem-lapis-lazuri-i-koralem","status":"publish","type":"product","link":"https:\/\/koraledetale.pl\/?product=bransoletka-z-howlitem-lapis-lazuri-i-koralem","title":{"rendered":"Bransoletka FATIMA z howlitem, lapis lazuli i koralem"},"content":{"rendered":"<p>Wielko\u015b\u0107 kamieni:<\/p>\n<ul>\n<li>howlit &#8211; 3,5 mm,<\/li>\n<li>koral &#8211; 3 mm,<\/li>\n<li>lapis lazuli &#8211; 3 mm,<\/li>\n<li>hematyt &#8211; 2 mm i 2 x 1 mm.<\/li>\n<\/ul>\n<p>D\u0142ugo\u015b\u0107 bransoletki od 12 do 22 cm.<\/p>\n","protected":false},"excerpt":{"rendered":"<p>Bransoletka na czerwonym sznureczku z howlitem turkusowym, lapis lazuli, koralem i z\u0142otymi hematytami. Dzi\u0119ki \u0142atwej regulacji dopasujesz jej d\u0142ugo\u015b\u0107 do obwodu nadgarstka.<\/p>\n","protected":false},"featured_media":2744,"comment_status":"open","ping_status":"closed","template":"","meta":{"advanced_seo_description":"","jetpack_seo_html_title":"","jetpack_seo_noindex":false},"product_brand":[],"product_cat":[229],"product_tag":[999,330,237,825,1412,463,910,31],"class_list":{"0":"post-2739","1":"product","2":"type-product","3":"status-publish","4":"has-post-thumbnail","6":"product_cat-sprzedane","7":"product_tag-bransoletka-na-czerwonym-sznureczku","8":"product_tag-bransoletka-z-howlitem-turkusowym","9":"product_tag-bransoletka-z-kolorowymi-kamieniami","10":"product_tag-bransoletka-z-koralem","11":"product_tag-bransoletka-z-lapis-lazuli","12":"product_tag-howlit-turkusowy","13":"product_tag-regulowana-bransoletka-z-kamieniami-naturalnymi","14":"product_tag-zloty-hematyt","16":"first","17":"outofstock","18":"shipping-taxable","19":"purchasable","20":"product-type-simple"},"jetpack_sharing_enabled":true,"_links":{"self":[{"href":"https:\/\/koraledetale.pl\/index.php?rest_route=\/wp\/v2\/product\/2739","targetHints":{"allow":["GET"]}}],"collection":[{"href":"https:\/\/koraledetale.pl\/index.php?rest_route=\/wp\/v2\/product"}],"about":[{"href":"https:\/\/koraledetale.pl\/index.php?rest_route=\/wp\/v2\/types\/product"}],"replies":[{"embeddable":true,"href":"https:\/\/koraledetale.pl\/index.php?rest_route=%2Fwp%2Fv2%2Fcomments&post=2739"}],"wp:featuredmedia":[{"embeddable":true,"href":"https:\/\/koraledetale.pl\/index.php?rest_route=\/wp\/v2\/media\/2744"}],"wp:attachment":[{"href":"https:\/\/koraledetale.pl\/index.php?rest_route=%2Fwp%2Fv2%2Fmedia&parent=2739"}],"wp:term":[{"taxonomy":"product_brand","embeddable":true,"href":"https:\/\/koraledetale.pl\/index.php?rest_route=%2Fwp%2Fv2%2Fproduct_brand&post=2739"},{"taxonomy":"product_cat","embeddable":true,"href":"https:\/\/koraledetale.pl\/index.php?rest_route=%2Fwp%2Fv2%2Fproduct_cat&post=2739"},{"taxonomy":"product_tag","embeddable":true,"href":"https:\/\/koraledetale.pl\/index.php?rest_route=%2Fwp%2Fv2%2Fproduct_tag&post=2739"}],"curies":[{"name":"wp","href":"https:\/\/api.w.org\/{rel}","templated":true}]}}