{"id":2737,"date":"2022-08-09T11:50:31","date_gmt":"2022-08-09T11:50:31","guid":{"rendered":"https:\/\/koraledetale.pl\/?post_type=product&#038;p=2737"},"modified":"2022-08-29T14:31:28","modified_gmt":"2022-08-29T14:31:28","slug":"bransoletka-karaibska-z-koralem-amazonitem-awenturynem-i-szafirem","status":"publish","type":"product","link":"https:\/\/koraledetale.pl\/?product=bransoletka-karaibska-z-koralem-amazonitem-awenturynem-i-szafirem","title":{"rendered":"Bransoletka KARAIBSKA II z koralem, amazonitem, awenturynem i szafirem"},"content":{"rendered":"<p>Wielko\u015b\u0107 kamieni:<\/p>\n<ul>\n<li>amazonit \u2013 2,5 mm,<\/li>\n<li>koral \u2013 2 mm i 3 mm (przy przed\u0142u\u017cce),<\/li>\n<li>awenturyn \u2013 2,5 mm,<\/li>\n<li>szafir \u2013 3 mm,<\/li>\n<li>hematyt \u2013 2 mm i 2 x 1 mm.<\/li>\n<\/ul>\n<p>D\u0142ugo\u015b\u0107 bransoletki: 16 &#8211; 18,5 cm.<\/p>\n","protected":false},"excerpt":{"rendered":"<p>Supe\u0142kowa bransoletka z drobnych, kolorowych kamieni: koralu, amazonitu, awenturynu, szafiru i z\u0142otego hematytu. Wszystkie elementy metalowe wykonane s\u0105 z nieuczulaj\u0105cej stali chirurgicznej (szlachetnej).<\/p>\n","protected":false},"featured_media":2732,"comment_status":"open","ping_status":"closed","template":"","meta":{"advanced_seo_description":"","jetpack_seo_html_title":"","jetpack_seo_noindex":false},"product_brand":[],"product_cat":[229],"product_tag":[53,482,996,997,998,79,237,825,82,188,25,31],"class_list":{"0":"post-2737","1":"product","2":"type-product","3":"status-publish","4":"has-post-thumbnail","6":"product_cat-sprzedane","7":"product_tag-amazonit","8":"product_tag-awenturyn","9":"product_tag-bransoletka-na-lato","10":"product_tag-bransoletka-z-amazonitem","11":"product_tag-bransoletka-z-awenturynem","12":"product_tag-bransoletka-z-drobnych-kamieni","13":"product_tag-bransoletka-z-kolorowymi-kamieniami","14":"product_tag-bransoletka-z-koralem","15":"product_tag-koral","16":"product_tag-kwarc","17":"product_tag-szafir","18":"product_tag-zloty-hematyt","20":"first","21":"outofstock","22":"shipping-taxable","23":"purchasable","24":"product-type-simple"},"jetpack_sharing_enabled":true,"_links":{"self":[{"href":"https:\/\/koraledetale.pl\/index.php?rest_route=\/wp\/v2\/product\/2737","targetHints":{"allow":["GET"]}}],"collection":[{"href":"https:\/\/koraledetale.pl\/index.php?rest_route=\/wp\/v2\/product"}],"about":[{"href":"https:\/\/koraledetale.pl\/index.php?rest_route=\/wp\/v2\/types\/product"}],"replies":[{"embeddable":true,"href":"https:\/\/koraledetale.pl\/index.php?rest_route=%2Fwp%2Fv2%2Fcomments&post=2737"}],"wp:featuredmedia":[{"embeddable":true,"href":"https:\/\/koraledetale.pl\/index.php?rest_route=\/wp\/v2\/media\/2732"}],"wp:attachment":[{"href":"https:\/\/koraledetale.pl\/index.php?rest_route=%2Fwp%2Fv2%2Fmedia&parent=2737"}],"wp:term":[{"taxonomy":"product_brand","embeddable":true,"href":"https:\/\/koraledetale.pl\/index.php?rest_route=%2Fwp%2Fv2%2Fproduct_brand&post=2737"},{"taxonomy":"product_cat","embeddable":true,"href":"https:\/\/koraledetale.pl\/index.php?rest_route=%2Fwp%2Fv2%2Fproduct_cat&post=2737"},{"taxonomy":"product_tag","embeddable":true,"href":"https:\/\/koraledetale.pl\/index.php?rest_route=%2Fwp%2Fv2%2Fproduct_tag&post=2737"}],"curies":[{"name":"wp","href":"https:\/\/api.w.org\/{rel}","templated":true}]}}