{"id":2727,"date":"2022-08-04T16:15:46","date_gmt":"2022-08-04T16:15:46","guid":{"rendered":"https:\/\/koraledetale.pl\/?post_type=product&#038;p=2727"},"modified":"2022-08-08T18:48:39","modified_gmt":"2022-08-08T18:48:39","slug":"kolczyki-sople-z-krysztalem-gorskim","status":"publish","type":"product","link":"https:\/\/koraledetale.pl\/?product=kolczyki-sople-z-krysztalem-gorskim","title":{"rendered":"Kolczyki SOPLE II z kryszta\u0142em g\u00f3rskim"},"content":{"rendered":"<p>Wielko\u015b\u0107 kryszta\u0142u g\u00f3rskiego: 31 x 8 x6 mm.<\/p>\n<p>D\u0142ugo\u015b\u0107 kolczyk\u00f3w: 4,6 cm.<\/p>\n","protected":false},"excerpt":{"rendered":"<p>Kolczyki &#8211; k\u00f3\u0142ka z surowym kryszta\u0142em g\u00f3rskim.<\/p>\n<p>Wszystkie elementy metalowe wykonane s\u0105 z nieuczulaj\u0105cej stali chirurgicznej (szlachetnej).<\/p>\n","protected":false},"featured_media":2723,"comment_status":"open","ping_status":"closed","template":"","meta":{"advanced_seo_description":"","jetpack_seo_html_title":"","jetpack_seo_noindex":false},"product_brand":[],"product_cat":[229],"product_tag":[],"class_list":{"0":"post-2727","1":"product","2":"type-product","3":"status-publish","4":"has-post-thumbnail","6":"product_cat-sprzedane","8":"first","9":"outofstock","10":"shipping-taxable","11":"purchasable","12":"product-type-simple"},"jetpack_sharing_enabled":true,"_links":{"self":[{"href":"https:\/\/koraledetale.pl\/index.php?rest_route=\/wp\/v2\/product\/2727","targetHints":{"allow":["GET"]}}],"collection":[{"href":"https:\/\/koraledetale.pl\/index.php?rest_route=\/wp\/v2\/product"}],"about":[{"href":"https:\/\/koraledetale.pl\/index.php?rest_route=\/wp\/v2\/types\/product"}],"replies":[{"embeddable":true,"href":"https:\/\/koraledetale.pl\/index.php?rest_route=%2Fwp%2Fv2%2Fcomments&post=2727"}],"wp:featuredmedia":[{"embeddable":true,"href":"https:\/\/koraledetale.pl\/index.php?rest_route=\/wp\/v2\/media\/2723"}],"wp:attachment":[{"href":"https:\/\/koraledetale.pl\/index.php?rest_route=%2Fwp%2Fv2%2Fmedia&parent=2727"}],"wp:term":[{"taxonomy":"product_brand","embeddable":true,"href":"https:\/\/koraledetale.pl\/index.php?rest_route=%2Fwp%2Fv2%2Fproduct_brand&post=2727"},{"taxonomy":"product_cat","embeddable":true,"href":"https:\/\/koraledetale.pl\/index.php?rest_route=%2Fwp%2Fv2%2Fproduct_cat&post=2727"},{"taxonomy":"product_tag","embeddable":true,"href":"https:\/\/koraledetale.pl\/index.php?rest_route=%2Fwp%2Fv2%2Fproduct_tag&post=2727"}],"curies":[{"name":"wp","href":"https:\/\/api.w.org\/{rel}","templated":true}]}}