{"id":2719,"date":"2022-08-01T06:59:13","date_gmt":"2022-08-01T06:59:13","guid":{"rendered":"https:\/\/koraledetale.pl\/?post_type=product&#038;p=2719"},"modified":"2022-08-02T06:49:06","modified_gmt":"2022-08-02T06:49:06","slug":"kolczyki-niebo-z-kianitami-i-iolitami","status":"publish","type":"product","link":"https:\/\/koraledetale.pl\/?product=kolczyki-niebo-z-kianitami-i-iolitami","title":{"rendered":"Kolczyki NIEBO z kianitami i iolitami"},"content":{"rendered":"<p>Wielko\u015b\u0107 kamieni:<\/p>\n<ul>\n<li>kianit &#8211; 10 x 7 x 4 mm,<\/li>\n<li>iolit &#8211; 3,5 x 2,5 mm.<\/li>\n<\/ul>\n<p>D\u0142ugo\u015b\u0107 kolczyk\u00f3w &#8211; 2,3 cm.<\/p>\n","protected":false},"excerpt":{"rendered":"<p>Drobne kolczyki na sztyftach ze stali chirurgicznej \/ szlachetnej z \u0142ezk\u0105 kianitu i ciosan\u0105 oponk\u0105 iolitu.<\/p>\n","protected":false},"featured_media":2715,"comment_status":"open","ping_status":"closed","template":"","meta":{"advanced_seo_description":"","jetpack_seo_html_title":"","jetpack_seo_noindex":false},"product_brand":[],"product_cat":[229],"product_tag":[990,23,323,416,650],"class_list":{"0":"post-2719","1":"product","2":"type-product","3":"status-publish","4":"has-post-thumbnail","6":"product_cat-sprzedane","7":"product_tag-drobne-kolczyki-z-niebieskimi-kamieniami","8":"product_tag-iolit","9":"product_tag-kianit","10":"product_tag-kolczyki-na-sztyfcie","11":"product_tag-krotkie-kolczyki-z-kianitami","13":"first","14":"outofstock","15":"shipping-taxable","16":"purchasable","17":"product-type-simple"},"jetpack_sharing_enabled":true,"_links":{"self":[{"href":"https:\/\/koraledetale.pl\/index.php?rest_route=\/wp\/v2\/product\/2719","targetHints":{"allow":["GET"]}}],"collection":[{"href":"https:\/\/koraledetale.pl\/index.php?rest_route=\/wp\/v2\/product"}],"about":[{"href":"https:\/\/koraledetale.pl\/index.php?rest_route=\/wp\/v2\/types\/product"}],"replies":[{"embeddable":true,"href":"https:\/\/koraledetale.pl\/index.php?rest_route=%2Fwp%2Fv2%2Fcomments&post=2719"}],"wp:featuredmedia":[{"embeddable":true,"href":"https:\/\/koraledetale.pl\/index.php?rest_route=\/wp\/v2\/media\/2715"}],"wp:attachment":[{"href":"https:\/\/koraledetale.pl\/index.php?rest_route=%2Fwp%2Fv2%2Fmedia&parent=2719"}],"wp:term":[{"taxonomy":"product_brand","embeddable":true,"href":"https:\/\/koraledetale.pl\/index.php?rest_route=%2Fwp%2Fv2%2Fproduct_brand&post=2719"},{"taxonomy":"product_cat","embeddable":true,"href":"https:\/\/koraledetale.pl\/index.php?rest_route=%2Fwp%2Fv2%2Fproduct_cat&post=2719"},{"taxonomy":"product_tag","embeddable":true,"href":"https:\/\/koraledetale.pl\/index.php?rest_route=%2Fwp%2Fv2%2Fproduct_tag&post=2719"}],"curies":[{"name":"wp","href":"https:\/\/api.w.org\/{rel}","templated":true}]}}