{"id":2703,"date":"2022-07-30T15:04:49","date_gmt":"2022-07-30T15:04:49","guid":{"rendered":"https:\/\/koraledetale.pl\/?post_type=product&#038;p=2703"},"modified":"2024-11-16T18:03:54","modified_gmt":"2024-11-16T18:03:54","slug":"bransoletka-drzewo-zycia-z-czarnym-turmalinem-i-cytrynem","status":"publish","type":"product","link":"https:\/\/koraledetale.pl\/?product=bransoletka-drzewo-zycia-z-czarnym-turmalinem-i-cytrynem","title":{"rendered":"Bransoletka DRZEWO \u017bYCIA z czarnym turmalinem i cytrynem"},"content":{"rendered":"<p>Wielko\u015b\u0107 kamieni:<\/p>\n<ul>\n<li>turmalin \u2013 3,5 mm,<\/li>\n<li>cytryn \u2013 3 mm,<\/li>\n<li>hematyt \u2013 2 x 1 mm i 2 mm.<\/li>\n<\/ul>\n<p>\u015arednica zawieszki \u2013 9 cm.<\/p>\n<p>D\u0142ugo\u015b\u0107 bransoletki: 16,2 \u2013 18 cm.<\/p>\n<p>&nbsp;<\/p>\n<p>&nbsp;<\/p>\n","protected":false},"excerpt":{"rendered":"<p>Bransoletka z czarnymi turmalinami, z wplecionymi cytrynami pomi\u0119dzy z\u0142otymi hematytami, zasup\u0142anymi na czerwonej nitce, z zawieszk\u0105 \u2013 drzewem \u017cycia.<\/p>\n<p>Wszystkie elementy metalowe wykonane s\u0105 z nieuczulaj\u0105cej stali chirurgicznej (szlachetnej).<\/p>\n","protected":false},"featured_media":2704,"comment_status":"open","ping_status":"closed","template":"","meta":{"advanced_seo_description":"","jetpack_seo_html_title":"","jetpack_seo_noindex":false},"product_brand":[],"product_cat":[229],"product_tag":[374,287,632,193,292,633,31],"class_list":{"0":"post-2703","1":"product","2":"type-product","3":"status-publish","4":"has-post-thumbnail","6":"product_cat-sprzedane","7":"product_tag-bransoletka-na-czerwonej-nitce","8":"product_tag-bransoletka-z-czarnym-turmalinem","9":"product_tag-bransoletka-z-drzewem-zycia","10":"product_tag-cytryn","11":"product_tag-czarny-turmalin-na-czerwonym-sznureczku","12":"product_tag-drzewo-zycia","13":"product_tag-zloty-hematyt","15":"first","16":"outofstock","17":"shipping-taxable","18":"product-type-simple"},"jetpack_sharing_enabled":true,"_links":{"self":[{"href":"https:\/\/koraledetale.pl\/index.php?rest_route=\/wp\/v2\/product\/2703","targetHints":{"allow":["GET"]}}],"collection":[{"href":"https:\/\/koraledetale.pl\/index.php?rest_route=\/wp\/v2\/product"}],"about":[{"href":"https:\/\/koraledetale.pl\/index.php?rest_route=\/wp\/v2\/types\/product"}],"replies":[{"embeddable":true,"href":"https:\/\/koraledetale.pl\/index.php?rest_route=%2Fwp%2Fv2%2Fcomments&post=2703"}],"wp:featuredmedia":[{"embeddable":true,"href":"https:\/\/koraledetale.pl\/index.php?rest_route=\/wp\/v2\/media\/2704"}],"wp:attachment":[{"href":"https:\/\/koraledetale.pl\/index.php?rest_route=%2Fwp%2Fv2%2Fmedia&parent=2703"}],"wp:term":[{"taxonomy":"product_brand","embeddable":true,"href":"https:\/\/koraledetale.pl\/index.php?rest_route=%2Fwp%2Fv2%2Fproduct_brand&post=2703"},{"taxonomy":"product_cat","embeddable":true,"href":"https:\/\/koraledetale.pl\/index.php?rest_route=%2Fwp%2Fv2%2Fproduct_cat&post=2703"},{"taxonomy":"product_tag","embeddable":true,"href":"https:\/\/koraledetale.pl\/index.php?rest_route=%2Fwp%2Fv2%2Fproduct_tag&post=2703"}],"curies":[{"name":"wp","href":"https:\/\/api.w.org\/{rel}","templated":true}]}}