{"id":2699,"date":"2022-07-29T15:39:12","date_gmt":"2022-07-29T15:39:12","guid":{"rendered":"https:\/\/koraledetale.pl\/?post_type=product&#038;p=2699"},"modified":"2022-08-07T20:57:39","modified_gmt":"2022-08-07T20:57:39","slug":"bransoletka-nadzieja-z-zoisytem-i-rubinem","status":"publish","type":"product","link":"https:\/\/koraledetale.pl\/?product=bransoletka-nadzieja-z-zoisytem-i-rubinem","title":{"rendered":"Bransoletka NADZIEJA z zoisytem i rubinem"},"content":{"rendered":"<p>Wielko\u015b\u0107 kamieni:<\/p>\n<ul>\n<li>zoisyt \/ rubin \u2013 2,5 mm,<\/li>\n<li>rubin (przy przed\u0142u\u017cce) \u2013 3 mm,<\/li>\n<li>hematyt \u2013 2 i 2 x 1 mm.<\/li>\n<\/ul>\n<p>D\u0142ugo\u015b\u0107 bransoletki: 16 \u2013 18,5 cm.<\/p>\n","protected":false},"excerpt":{"rendered":"<p>Bransoletka z drobnych zoisyt\u00f3w z rubinami przeplatanymi z\u0142otymi hematytami, zasupe\u0142kowanymi na zielonej, mocnej nici jubilerskiej.<\/p>\n<p>Wszystkie elementy metalowe wykonane s\u0105 z nieuczulaj\u0105cej stali chirurgicznej (szlachetnej).<\/p>\n","protected":false},"featured_media":2701,"comment_status":"open","ping_status":"closed","template":"","meta":{"advanced_seo_description":"","jetpack_seo_html_title":"","jetpack_seo_noindex":false},"product_brand":[],"product_cat":[229],"product_tag":[79,80,294,986,31],"class_list":{"0":"post-2699","1":"product","2":"type-product","3":"status-publish","4":"has-post-thumbnail","6":"product_cat-sprzedane","7":"product_tag-bransoletka-z-drobnych-kamieni","8":"product_tag-bransoletka-z-kamieniami-naturalnymi","9":"product_tag-bransoletka-z-zoisytu-z-rubinem","10":"product_tag-zoisyt-z-rubinem","11":"product_tag-zloty-hematyt","13":"first","14":"outofstock","15":"shipping-taxable","16":"purchasable","17":"product-type-simple"},"jetpack_sharing_enabled":true,"_links":{"self":[{"href":"https:\/\/koraledetale.pl\/index.php?rest_route=\/wp\/v2\/product\/2699","targetHints":{"allow":["GET"]}}],"collection":[{"href":"https:\/\/koraledetale.pl\/index.php?rest_route=\/wp\/v2\/product"}],"about":[{"href":"https:\/\/koraledetale.pl\/index.php?rest_route=\/wp\/v2\/types\/product"}],"replies":[{"embeddable":true,"href":"https:\/\/koraledetale.pl\/index.php?rest_route=%2Fwp%2Fv2%2Fcomments&post=2699"}],"wp:featuredmedia":[{"embeddable":true,"href":"https:\/\/koraledetale.pl\/index.php?rest_route=\/wp\/v2\/media\/2701"}],"wp:attachment":[{"href":"https:\/\/koraledetale.pl\/index.php?rest_route=%2Fwp%2Fv2%2Fmedia&parent=2699"}],"wp:term":[{"taxonomy":"product_brand","embeddable":true,"href":"https:\/\/koraledetale.pl\/index.php?rest_route=%2Fwp%2Fv2%2Fproduct_brand&post=2699"},{"taxonomy":"product_cat","embeddable":true,"href":"https:\/\/koraledetale.pl\/index.php?rest_route=%2Fwp%2Fv2%2Fproduct_cat&post=2699"},{"taxonomy":"product_tag","embeddable":true,"href":"https:\/\/koraledetale.pl\/index.php?rest_route=%2Fwp%2Fv2%2Fproduct_tag&post=2699"}],"curies":[{"name":"wp","href":"https:\/\/api.w.org\/{rel}","templated":true}]}}