{"id":2690,"date":"2022-07-28T13:00:33","date_gmt":"2022-07-28T13:00:33","guid":{"rendered":"https:\/\/koraledetale.pl\/?post_type=product&#038;p=2690"},"modified":"2024-02-16T18:26:14","modified_gmt":"2024-02-16T18:26:14","slug":"lancuszek-kobaltowy-z-lapis-lazuri-i-lezka-szafiru","status":"publish","type":"product","link":"https:\/\/koraledetale.pl\/?product=lancuszek-kobaltowy-z-lapis-lazuri-i-lezka-szafiru","title":{"rendered":"\u0141a\u0144cuszek KOBALTOWY z lapis lazuli i \u0142ezk\u0105 szafiru"},"content":{"rendered":"<p style=\"text-align: left;\">Wielko\u015b\u0107 kamieni:<\/p>\n<ul>\n<li>szafir \u2013 10 x 7 x 4,5 mm,<\/li>\n<li>lapis lazuli &#8211; 3 x 2 mm.<\/li>\n<\/ul>\n<p>D\u0142ugo\u015b\u0107 naszyjnika: 44 \u2013 49 cm.<\/p>\n","protected":false},"excerpt":{"rendered":"<p>\u0141a\u0144cuszek z nieuczulaj\u0105cej stali chirurgicznej (szlachetnej) z wplecionymi lapis lazuri, zwie\u0144czony \u0142ezk\u0105 szafiru.<\/p>\n","protected":false},"featured_media":3927,"comment_status":"open","ping_status":"closed","template":"","meta":{"advanced_seo_description":"","jetpack_seo_html_title":"","jetpack_seo_noindex":false},"product_brand":[],"product_cat":[229],"product_tag":[67,1409,1418,22,25,982,1417,983],"class_list":{"0":"post-2690","1":"product","2":"type-product","3":"status-publish","4":"has-post-thumbnail","6":"product_cat-sprzedane","7":"product_tag-hematyt","8":"product_tag-lapis-lazuli","9":"product_tag-naszyjnik-z-lapis-lazuli","10":"product_tag-naszyjnik-z-szafirem","11":"product_tag-szafir","12":"product_tag-lancuszek-z-kobaltowymi-kamieniami","13":"product_tag-lancuszek-z-lapis-lazuli","14":"product_tag-lancuszek-z-szafirem","16":"first","17":"outofstock","18":"shipping-taxable","19":"purchasable","20":"product-type-simple"},"jetpack_sharing_enabled":true,"_links":{"self":[{"href":"https:\/\/koraledetale.pl\/index.php?rest_route=\/wp\/v2\/product\/2690","targetHints":{"allow":["GET"]}}],"collection":[{"href":"https:\/\/koraledetale.pl\/index.php?rest_route=\/wp\/v2\/product"}],"about":[{"href":"https:\/\/koraledetale.pl\/index.php?rest_route=\/wp\/v2\/types\/product"}],"replies":[{"embeddable":true,"href":"https:\/\/koraledetale.pl\/index.php?rest_route=%2Fwp%2Fv2%2Fcomments&post=2690"}],"wp:featuredmedia":[{"embeddable":true,"href":"https:\/\/koraledetale.pl\/index.php?rest_route=\/wp\/v2\/media\/3927"}],"wp:attachment":[{"href":"https:\/\/koraledetale.pl\/index.php?rest_route=%2Fwp%2Fv2%2Fmedia&parent=2690"}],"wp:term":[{"taxonomy":"product_brand","embeddable":true,"href":"https:\/\/koraledetale.pl\/index.php?rest_route=%2Fwp%2Fv2%2Fproduct_brand&post=2690"},{"taxonomy":"product_cat","embeddable":true,"href":"https:\/\/koraledetale.pl\/index.php?rest_route=%2Fwp%2Fv2%2Fproduct_cat&post=2690"},{"taxonomy":"product_tag","embeddable":true,"href":"https:\/\/koraledetale.pl\/index.php?rest_route=%2Fwp%2Fv2%2Fproduct_tag&post=2690"}],"curies":[{"name":"wp","href":"https:\/\/api.w.org\/{rel}","templated":true}]}}