{"id":2651,"date":"2022-07-11T16:58:51","date_gmt":"2022-07-11T16:58:51","guid":{"rendered":"https:\/\/koraledetale.pl\/?post_type=product&#038;p=2651"},"modified":"2022-07-12T06:39:01","modified_gmt":"2022-07-12T06:39:01","slug":"bransoletka-lilia-z-kunzytami","status":"publish","type":"product","link":"https:\/\/koraledetale.pl\/?product=bransoletka-lilia-z-kunzytami","title":{"rendered":"Bransoletka ZAUFANIE z kunzytami"},"content":{"rendered":"<p>Wielko\u015b\u0107 kamieni:<\/p>\n<ul>\n<li>kunzyt \u2013 4,5 x 2,5-3 mm,<\/li>\n<li>hematyt \u2013 4 x 2 i 2 mm<\/li>\n<li>turmalin \u2013 4,5 x 2,5 mm.<\/li>\n<li>D\u0142ugo\u015b\u0107 bransoletki: 17,5 &#8211; 20,5 cm.<\/li>\n<\/ul>\n","protected":false},"excerpt":{"rendered":"<p>Bransoletka z kr\u00f3tkich wa\u0142eczk\u00f3w kunzytu o delikatnej, liliowej barwie, przeplatanego z\u0142otymi hematytami. Zwie\u0144czeniem bransoletki s\u0105 zawieszki z motywem li\u015bci. Dzi\u0119ki przed\u0142u\u017cce \u0142atwo dopasujesz j\u0105 do obwodu nadgarstka. Wszystkie elementy metalowe wykonane s\u0105 z nieuczulaj\u0105cej stali chirurgicznej (szlachetnej).<\/p>\n","protected":false},"featured_media":2641,"comment_status":"open","ping_status":"closed","template":"","meta":{"advanced_seo_description":"","jetpack_seo_html_title":"","jetpack_seo_noindex":false},"product_brand":[],"product_cat":[229],"product_tag":[80,836,234,503,974,898,31],"class_list":{"0":"post-2651","1":"product","2":"type-product","3":"status-publish","4":"has-post-thumbnail","6":"product_cat-sprzedane","7":"product_tag-bransoletka-z-kamieniami-naturalnymi","8":"product_tag-bransoletka-z-kunzytami","9":"product_tag-bransoletka-z-rozowych-kamieni","10":"product_tag-bransoletka-z-zawieszkami","11":"product_tag-kuznyt","12":"product_tag-zawieszki","13":"product_tag-zloty-hematyt","15":"first","16":"outofstock","17":"shipping-taxable","18":"purchasable","19":"product-type-simple"},"jetpack_sharing_enabled":true,"_links":{"self":[{"href":"https:\/\/koraledetale.pl\/index.php?rest_route=\/wp\/v2\/product\/2651","targetHints":{"allow":["GET"]}}],"collection":[{"href":"https:\/\/koraledetale.pl\/index.php?rest_route=\/wp\/v2\/product"}],"about":[{"href":"https:\/\/koraledetale.pl\/index.php?rest_route=\/wp\/v2\/types\/product"}],"replies":[{"embeddable":true,"href":"https:\/\/koraledetale.pl\/index.php?rest_route=%2Fwp%2Fv2%2Fcomments&post=2651"}],"wp:featuredmedia":[{"embeddable":true,"href":"https:\/\/koraledetale.pl\/index.php?rest_route=\/wp\/v2\/media\/2641"}],"wp:attachment":[{"href":"https:\/\/koraledetale.pl\/index.php?rest_route=%2Fwp%2Fv2%2Fmedia&parent=2651"}],"wp:term":[{"taxonomy":"product_brand","embeddable":true,"href":"https:\/\/koraledetale.pl\/index.php?rest_route=%2Fwp%2Fv2%2Fproduct_brand&post=2651"},{"taxonomy":"product_cat","embeddable":true,"href":"https:\/\/koraledetale.pl\/index.php?rest_route=%2Fwp%2Fv2%2Fproduct_cat&post=2651"},{"taxonomy":"product_tag","embeddable":true,"href":"https:\/\/koraledetale.pl\/index.php?rest_route=%2Fwp%2Fv2%2Fproduct_tag&post=2651"}],"curies":[{"name":"wp","href":"https:\/\/api.w.org\/{rel}","templated":true}]}}