{"id":2631,"date":"2022-07-04T05:08:09","date_gmt":"2022-07-04T05:08:09","guid":{"rendered":"https:\/\/koraledetale.pl\/?post_type=product&#038;p=2631"},"modified":"2024-11-16T18:04:28","modified_gmt":"2024-11-16T18:04:28","slug":"naszyjnik-slonce-z-cytrynami","status":"publish","type":"product","link":"https:\/\/koraledetale.pl\/?product=naszyjnik-slonce-z-cytrynami","title":{"rendered":"Naszyjnik S\u0141O\u0143CE z cytrynami"},"content":{"rendered":"<p>Wielko\u015b\u0107 kamieni:<\/p>\n<ul>\n<li>cytryn &#8211; od 5 do 12 mm,<\/li>\n<li>hematyt &#8211; 2 mm.<\/li>\n<\/ul>\n<p>D\u0142ugo\u015b\u0107 naszyjnika: 85 cm + zawieszka 3,5 cm.<\/p>\n","protected":false},"excerpt":{"rendered":"<p>D\u0142ugi naszyjnik z nieregularnych bry\u0142ek cytrynu przeplatanego z\u0142otymi hematytami, zwie\u0144czony okr\u0105g\u0142\u0105 zawieszk\u0105.<\/p>\n<p>Wszystkie elementy metalowe wykonane s\u0105 z nieuczulaj\u0105cej stali chirurgicznej (szlachetnej).<\/p>\n","protected":false},"featured_media":2632,"comment_status":"open","ping_status":"closed","template":"","meta":{"advanced_seo_description":"","jetpack_seo_html_title":"","jetpack_seo_noindex":false},"product_brand":[],"product_cat":[229],"product_tag":[193,969,67,435,72],"class_list":{"0":"post-2631","1":"product","2":"type-product","3":"status-publish","4":"has-post-thumbnail","6":"product_cat-sprzedane","7":"product_tag-cytryn","8":"product_tag-dlugi-naszyjnik-z-cytrynami","9":"product_tag-hematyt","10":"product_tag-naszyjnik-z-naturalnymi-kamieniami","11":"product_tag-zawieszka","13":"first","14":"outofstock","15":"shipping-taxable","16":"product-type-simple"},"jetpack_sharing_enabled":true,"_links":{"self":[{"href":"https:\/\/koraledetale.pl\/index.php?rest_route=\/wp\/v2\/product\/2631","targetHints":{"allow":["GET"]}}],"collection":[{"href":"https:\/\/koraledetale.pl\/index.php?rest_route=\/wp\/v2\/product"}],"about":[{"href":"https:\/\/koraledetale.pl\/index.php?rest_route=\/wp\/v2\/types\/product"}],"replies":[{"embeddable":true,"href":"https:\/\/koraledetale.pl\/index.php?rest_route=%2Fwp%2Fv2%2Fcomments&post=2631"}],"wp:featuredmedia":[{"embeddable":true,"href":"https:\/\/koraledetale.pl\/index.php?rest_route=\/wp\/v2\/media\/2632"}],"wp:attachment":[{"href":"https:\/\/koraledetale.pl\/index.php?rest_route=%2Fwp%2Fv2%2Fmedia&parent=2631"}],"wp:term":[{"taxonomy":"product_brand","embeddable":true,"href":"https:\/\/koraledetale.pl\/index.php?rest_route=%2Fwp%2Fv2%2Fproduct_brand&post=2631"},{"taxonomy":"product_cat","embeddable":true,"href":"https:\/\/koraledetale.pl\/index.php?rest_route=%2Fwp%2Fv2%2Fproduct_cat&post=2631"},{"taxonomy":"product_tag","embeddable":true,"href":"https:\/\/koraledetale.pl\/index.php?rest_route=%2Fwp%2Fv2%2Fproduct_tag&post=2631"}],"curies":[{"name":"wp","href":"https:\/\/api.w.org\/{rel}","templated":true}]}}