{"id":2626,"date":"2022-07-03T09:20:11","date_gmt":"2022-07-03T09:20:11","guid":{"rendered":"https:\/\/koraledetale.pl\/?post_type=product&#038;p=2626"},"modified":"2022-08-16T07:14:47","modified_gmt":"2022-08-16T07:14:47","slug":"bransoletka-now-z-howlitem-turkusowym-i-koralem","status":"publish","type":"product","link":"https:\/\/koraledetale.pl\/?product=bransoletka-now-z-howlitem-turkusowym-i-koralem","title":{"rendered":"Bransoletka N\u00d3W z howlitem turkusowym i koralem"},"content":{"rendered":"<p>Wielko\u015b\u0107 kamieni:<\/p>\n<ul>\n<li>howlit \u2013 3 mm,<\/li>\n<li>koral \u2013 5 x 3 mm<\/li>\n<li>hematyt \u2013 2 x 1 mm.<\/li>\n<\/ul>\n<p>D\u0142ugo\u015b\u0107 bransoletki &#8211; 17,8 cm.<\/p>\n","protected":false},"excerpt":{"rendered":"<p>Bransoletka z howlit\u00f3w turkusowych z wa\u0142eczkiem koralu i srebrnymi hematytami, zasupe\u0142kowanymi na czerwonej nitce. Zwie\u0144czeniem bransoletki s\u0105 zawieszki \u2013 lunula i czerwona nitka dla ochrony i szcz\u0119\u015bcia.<\/p>\n<p>Wszystkie elementy metalowe wykonane s\u0105 z nieuczulaj\u0105cej stali chirurgicznej (szlachetnej)<\/p>\n","protected":false},"featured_media":2627,"comment_status":"open","ping_status":"closed","template":"","meta":{"advanced_seo_description":"","jetpack_seo_html_title":"","jetpack_seo_noindex":false},"product_brand":[],"product_cat":[229],"product_tag":[967,330,968,606,82,501,687,757],"class_list":{"0":"post-2626","1":"product","2":"type-product","3":"status-publish","4":"has-post-thumbnail","6":"product_cat-sprzedane","7":"product_tag-bransoletka-na-czerwonek-nitce","8":"product_tag-bransoletka-z-howlitem-turkusowym","9":"product_tag-bransoletka-z-lunulu","10":"product_tag-czerwona-nitka","11":"product_tag-koral","12":"product_tag-ksiezyc","13":"product_tag-luna","14":"product_tag-lunula","16":"first","17":"outofstock","18":"shipping-taxable","19":"purchasable","20":"product-type-simple"},"jetpack_sharing_enabled":true,"_links":{"self":[{"href":"https:\/\/koraledetale.pl\/index.php?rest_route=\/wp\/v2\/product\/2626","targetHints":{"allow":["GET"]}}],"collection":[{"href":"https:\/\/koraledetale.pl\/index.php?rest_route=\/wp\/v2\/product"}],"about":[{"href":"https:\/\/koraledetale.pl\/index.php?rest_route=\/wp\/v2\/types\/product"}],"replies":[{"embeddable":true,"href":"https:\/\/koraledetale.pl\/index.php?rest_route=%2Fwp%2Fv2%2Fcomments&post=2626"}],"wp:featuredmedia":[{"embeddable":true,"href":"https:\/\/koraledetale.pl\/index.php?rest_route=\/wp\/v2\/media\/2627"}],"wp:attachment":[{"href":"https:\/\/koraledetale.pl\/index.php?rest_route=%2Fwp%2Fv2%2Fmedia&parent=2626"}],"wp:term":[{"taxonomy":"product_brand","embeddable":true,"href":"https:\/\/koraledetale.pl\/index.php?rest_route=%2Fwp%2Fv2%2Fproduct_brand&post=2626"},{"taxonomy":"product_cat","embeddable":true,"href":"https:\/\/koraledetale.pl\/index.php?rest_route=%2Fwp%2Fv2%2Fproduct_cat&post=2626"},{"taxonomy":"product_tag","embeddable":true,"href":"https:\/\/koraledetale.pl\/index.php?rest_route=%2Fwp%2Fv2%2Fproduct_tag&post=2626"}],"curies":[{"name":"wp","href":"https:\/\/api.w.org\/{rel}","templated":true}]}}