{"id":2618,"date":"2022-07-03T08:45:54","date_gmt":"2022-07-03T08:45:54","guid":{"rendered":"https:\/\/koraledetale.pl\/?post_type=product&#038;p=2618"},"modified":"2023-08-05T16:30:44","modified_gmt":"2023-08-05T16:30:44","slug":"pierscionek-z-howlitem-turkusowym-i-koralem","status":"publish","type":"product","link":"https:\/\/koraledetale.pl\/?product=pierscionek-z-howlitem-turkusowym-i-koralem","title":{"rendered":"Pier\u015bcionek z howlitem turkusowym i koralem"},"content":{"rendered":"<p>Wielko\u015b\u0107 kamieni:<\/p>\n<ul>\n<li>howlit \u2013 3 mm,<\/li>\n<li>koral &#8211; 5 x 3 mm<\/li>\n<li>hematyt \u2013 2 x 1 mm.<\/li>\n<\/ul>\n<p>Rozmiar pier\u015bcionka: 15 \u2013 16. Mo\u017cliwe jest zam\u00f3wienie pier\u015bcionka w innym rozmiarze \u2013 napisz w uwagach do zam\u00f3wienia jaki rozmiar Ci\u0119 interesuje.<\/p>\n","protected":false},"excerpt":{"rendered":"<p>Elastyczny pier\u015bcionek z howlit\u00f3w turkusowych, z wa\u0142eczkiem koralu i srebrnymi hematytami.<\/p>\n","protected":false},"featured_media":2619,"comment_status":"open","ping_status":"closed","template":"","meta":{"advanced_seo_description":"","jetpack_seo_html_title":"","jetpack_seo_noindex":false},"product_brand":[],"product_cat":[229],"product_tag":[463,82,964,965,26],"class_list":{"0":"post-2618","1":"product","2":"type-product","3":"status-publish","4":"has-post-thumbnail","6":"product_cat-sprzedane","7":"product_tag-howlit-turkusowy","8":"product_tag-koral","9":"product_tag-pierscionek-elastyczny-z-kamieniami-naturalnymi","10":"product_tag-pierscionek-z-howlitem-turkusowym","11":"product_tag-srebrny-hematyt","13":"first","14":"outofstock","15":"shipping-taxable","16":"purchasable","17":"product-type-simple"},"jetpack_sharing_enabled":true,"_links":{"self":[{"href":"https:\/\/koraledetale.pl\/index.php?rest_route=\/wp\/v2\/product\/2618","targetHints":{"allow":["GET"]}}],"collection":[{"href":"https:\/\/koraledetale.pl\/index.php?rest_route=\/wp\/v2\/product"}],"about":[{"href":"https:\/\/koraledetale.pl\/index.php?rest_route=\/wp\/v2\/types\/product"}],"replies":[{"embeddable":true,"href":"https:\/\/koraledetale.pl\/index.php?rest_route=%2Fwp%2Fv2%2Fcomments&post=2618"}],"wp:featuredmedia":[{"embeddable":true,"href":"https:\/\/koraledetale.pl\/index.php?rest_route=\/wp\/v2\/media\/2619"}],"wp:attachment":[{"href":"https:\/\/koraledetale.pl\/index.php?rest_route=%2Fwp%2Fv2%2Fmedia&parent=2618"}],"wp:term":[{"taxonomy":"product_brand","embeddable":true,"href":"https:\/\/koraledetale.pl\/index.php?rest_route=%2Fwp%2Fv2%2Fproduct_brand&post=2618"},{"taxonomy":"product_cat","embeddable":true,"href":"https:\/\/koraledetale.pl\/index.php?rest_route=%2Fwp%2Fv2%2Fproduct_cat&post=2618"},{"taxonomy":"product_tag","embeddable":true,"href":"https:\/\/koraledetale.pl\/index.php?rest_route=%2Fwp%2Fv2%2Fproduct_tag&post=2618"}],"curies":[{"name":"wp","href":"https:\/\/api.w.org\/{rel}","templated":true}]}}