{"id":2616,"date":"2022-07-02T17:03:25","date_gmt":"2022-07-02T17:03:25","guid":{"rendered":"https:\/\/koraledetale.pl\/?post_type=product&#038;p=2616"},"modified":"2023-03-23T11:42:06","modified_gmt":"2023-03-23T11:42:06","slug":"pierscionek-z-howlitem-turkusowym-z-zawieszka","status":"publish","type":"product","link":"https:\/\/koraledetale.pl\/?product=pierscionek-z-howlitem-turkusowym-z-zawieszka","title":{"rendered":"Pier\u015bcionek z howlitem turkusowym z zawieszk\u0105"},"content":{"rendered":"<p>Wielko\u015b\u0107 kamieni:<\/p>\n<ul>\n<li>iolit \u2013 2 mm,<\/li>\n<li>hematyt \u2013 2 mm.<\/li>\n<\/ul>\n<p>Rozmiar pier\u015bcionka: 15 &#8211; 16. Mo\u017cliwe jest zam\u00f3wienie pier\u015bcionka w innym rozmiarze \u2013 napisz w uwagach do zam\u00f3wienia jaki rozmiar Ci\u0119 interesuje.<\/p>\n","protected":false},"excerpt":{"rendered":"<p>Elastyczny pier\u015bcionek z howlitu turkusowego i z\u0142otych hematyt\u00f3w z \u0142a\u0144cuszkiem oraz zawieszk\u0105 &#8211; konikiem morskim. Wszystkie elementy metalowe wykonane s\u0105 ze stali chirurgicznej (szlachetnej).<\/p>\n","protected":false},"featured_media":2610,"comment_status":"open","ping_status":"closed","template":"","meta":{"advanced_seo_description":"","jetpack_seo_html_title":"","jetpack_seo_noindex":false},"product_brand":[],"product_cat":[229],"product_tag":[463,960,73,72,142],"class_list":{"0":"post-2616","1":"product","2":"type-product","3":"status-publish","4":"has-post-thumbnail","6":"product_cat-sprzedane","7":"product_tag-howlit-turkusowy","8":"product_tag-pierscionek-elastyczny-z-howlitem-turkusowym","9":"product_tag-pierscionek-z-zawieszka","10":"product_tag-zawieszka","11":"product_tag-lancuszek","13":"first","14":"outofstock","15":"shipping-taxable","16":"purchasable","17":"product-type-simple"},"jetpack_sharing_enabled":true,"_links":{"self":[{"href":"https:\/\/koraledetale.pl\/index.php?rest_route=\/wp\/v2\/product\/2616","targetHints":{"allow":["GET"]}}],"collection":[{"href":"https:\/\/koraledetale.pl\/index.php?rest_route=\/wp\/v2\/product"}],"about":[{"href":"https:\/\/koraledetale.pl\/index.php?rest_route=\/wp\/v2\/types\/product"}],"replies":[{"embeddable":true,"href":"https:\/\/koraledetale.pl\/index.php?rest_route=%2Fwp%2Fv2%2Fcomments&post=2616"}],"wp:featuredmedia":[{"embeddable":true,"href":"https:\/\/koraledetale.pl\/index.php?rest_route=\/wp\/v2\/media\/2610"}],"wp:attachment":[{"href":"https:\/\/koraledetale.pl\/index.php?rest_route=%2Fwp%2Fv2%2Fmedia&parent=2616"}],"wp:term":[{"taxonomy":"product_brand","embeddable":true,"href":"https:\/\/koraledetale.pl\/index.php?rest_route=%2Fwp%2Fv2%2Fproduct_brand&post=2616"},{"taxonomy":"product_cat","embeddable":true,"href":"https:\/\/koraledetale.pl\/index.php?rest_route=%2Fwp%2Fv2%2Fproduct_cat&post=2616"},{"taxonomy":"product_tag","embeddable":true,"href":"https:\/\/koraledetale.pl\/index.php?rest_route=%2Fwp%2Fv2%2Fproduct_tag&post=2616"}],"curies":[{"name":"wp","href":"https:\/\/api.w.org\/{rel}","templated":true}]}}