{"id":2596,"date":"2022-06-22T13:01:36","date_gmt":"2022-06-22T13:01:36","guid":{"rendered":"https:\/\/koraledetale.pl\/?post_type=product&#038;p=2596"},"modified":"2022-08-02T11:31:32","modified_gmt":"2022-08-02T11:31:32","slug":"kolczyki-orient-z-chwostami","status":"publish","type":"product","link":"https:\/\/koraledetale.pl\/?product=kolczyki-orient-z-chwostami","title":{"rendered":"Kolczyki ORIENT z chwostami"},"content":{"rendered":"<p>D\u0142ugo\u015b\u0107 kolczyk\u00f3w &#8211; 8,7 cm.<\/p>\n","protected":false},"excerpt":{"rendered":"<p>D\u0142ugie kolczyki z nieuczulaj\u0105cej stali chirurgicznej (szlachetnej) z orientalnym filigranem i jasnoturkusowym chwostem.<\/p>\n<p>&nbsp;<\/p>\n","protected":false},"featured_media":2586,"comment_status":"open","ping_status":"closed","template":"","meta":{"advanced_seo_description":"","jetpack_seo_html_title":"","jetpack_seo_noindex":false},"product_brand":[],"product_cat":[18],"product_tag":[834,866,956],"class_list":{"0":"post-2596","1":"product","2":"type-product","3":"status-publish","4":"has-post-thumbnail","6":"product_cat-kolczyki","7":"product_tag-dlugie-kolczyki-ze-stali-chirurgicznej","8":"product_tag-dlugie-kolczyki-ze-stali-szlachetnej","9":"product_tag-kolczyki-z-chwostami","11":"first","12":"instock","13":"shipping-taxable","14":"purchasable","15":"product-type-simple"},"jetpack_sharing_enabled":true,"_links":{"self":[{"href":"https:\/\/koraledetale.pl\/index.php?rest_route=\/wp\/v2\/product\/2596","targetHints":{"allow":["GET"]}}],"collection":[{"href":"https:\/\/koraledetale.pl\/index.php?rest_route=\/wp\/v2\/product"}],"about":[{"href":"https:\/\/koraledetale.pl\/index.php?rest_route=\/wp\/v2\/types\/product"}],"replies":[{"embeddable":true,"href":"https:\/\/koraledetale.pl\/index.php?rest_route=%2Fwp%2Fv2%2Fcomments&post=2596"}],"wp:featuredmedia":[{"embeddable":true,"href":"https:\/\/koraledetale.pl\/index.php?rest_route=\/wp\/v2\/media\/2586"}],"wp:attachment":[{"href":"https:\/\/koraledetale.pl\/index.php?rest_route=%2Fwp%2Fv2%2Fmedia&parent=2596"}],"wp:term":[{"taxonomy":"product_brand","embeddable":true,"href":"https:\/\/koraledetale.pl\/index.php?rest_route=%2Fwp%2Fv2%2Fproduct_brand&post=2596"},{"taxonomy":"product_cat","embeddable":true,"href":"https:\/\/koraledetale.pl\/index.php?rest_route=%2Fwp%2Fv2%2Fproduct_cat&post=2596"},{"taxonomy":"product_tag","embeddable":true,"href":"https:\/\/koraledetale.pl\/index.php?rest_route=%2Fwp%2Fv2%2Fproduct_tag&post=2596"}],"curies":[{"name":"wp","href":"https:\/\/api.w.org\/{rel}","templated":true}]}}