{"id":2595,"date":"2022-06-22T11:32:19","date_gmt":"2022-06-22T11:32:19","guid":{"rendered":"https:\/\/koraledetale.pl\/?post_type=product&#038;p=2595"},"modified":"2022-06-23T10:38:20","modified_gmt":"2022-06-23T10:38:20","slug":"bransoletka-orient-z-amazonitami-turkusem-apatytem-i-kwarcem-dymnym","status":"publish","type":"product","link":"https:\/\/koraledetale.pl\/?product=bransoletka-orient-z-amazonitami-turkusem-apatytem-i-kwarcem-dymnym","title":{"rendered":"Bransoletka ORIENT z amazonitami, turkusem, apatytem i kwarcem dymnym"},"content":{"rendered":"<p>Wielko\u015b\u0107 kamieni:<\/p>\n<ul>\n<li>amazonit \u2013 5,5 x 4 mm,<\/li>\n<li>turkus \u2013 4 x 2 mm,<\/li>\n<li>apatyt \u2013 4 x 3 mm,<\/li>\n<li>kwarc dymny \u2013 5 mm,<\/li>\n<li>hematyt \u2013 3,5 x 2 mm, 3 x 1 mm i 2 mm.<\/li>\n<\/ul>\n<p>D\u0142ugo\u015b\u0107 bransoletki \u2013 17 &#8211; 20,5 cm.<\/p>\n","protected":false},"excerpt":{"rendered":"<p>Bransoletka w orientalnym stylu z amazonitami, turkusami, apatytami i kwarcami dymnymi, przeplatanymi z\u0142otymi hematytami. Przy zapi\u0119ciu wpleciony jest orientalny filigran i jasnoturkusowy chwost. Bransoletka ma przed\u0142u\u017ck\u0119 pozwalaj\u0105c\u0105 dopasowa\u0107 j\u0105 do nadgarstka. Przed\u0142u\u017cka z \u0142a\u0144cuszka o spinaczowym splocie zako\u0144czona jest zawieszk\u0105 z amazonitu i hematyt\u00f3w.<\/p>\n<p>Wszystkie elementy metalowe wykonane s\u0105 z nieuczulaj\u0105cej stali chirurgicznej (szlachetnej).<\/p>\n","protected":false},"featured_media":2591,"comment_status":"open","ping_status":"closed","template":"","meta":{"advanced_seo_description":"","jetpack_seo_html_title":"","jetpack_seo_noindex":false},"product_brand":[],"product_cat":[229],"product_tag":[53,92,848,955,137,102,65,63,105,31],"class_list":{"0":"post-2595","1":"product","2":"type-product","3":"status-publish","4":"has-post-thumbnail","6":"product_cat-sprzedane","7":"product_tag-amazonit","8":"product_tag-apatyt","9":"product_tag-bransoletka-z-amazonitami","10":"product_tag-bransoletka-z-blekitnymi-kamieniami","11":"product_tag-bransoletka-z-chwostem","12":"product_tag-bransoletka-z-turkusami","13":"product_tag-chwost","14":"product_tag-kwarc-dymny","15":"product_tag-turkus","16":"product_tag-zloty-hematyt","18":"first","19":"outofstock","20":"shipping-taxable","21":"purchasable","22":"product-type-simple"},"jetpack_sharing_enabled":true,"_links":{"self":[{"href":"https:\/\/koraledetale.pl\/index.php?rest_route=\/wp\/v2\/product\/2595","targetHints":{"allow":["GET"]}}],"collection":[{"href":"https:\/\/koraledetale.pl\/index.php?rest_route=\/wp\/v2\/product"}],"about":[{"href":"https:\/\/koraledetale.pl\/index.php?rest_route=\/wp\/v2\/types\/product"}],"replies":[{"embeddable":true,"href":"https:\/\/koraledetale.pl\/index.php?rest_route=%2Fwp%2Fv2%2Fcomments&post=2595"}],"wp:featuredmedia":[{"embeddable":true,"href":"https:\/\/koraledetale.pl\/index.php?rest_route=\/wp\/v2\/media\/2591"}],"wp:attachment":[{"href":"https:\/\/koraledetale.pl\/index.php?rest_route=%2Fwp%2Fv2%2Fmedia&parent=2595"}],"wp:term":[{"taxonomy":"product_brand","embeddable":true,"href":"https:\/\/koraledetale.pl\/index.php?rest_route=%2Fwp%2Fv2%2Fproduct_brand&post=2595"},{"taxonomy":"product_cat","embeddable":true,"href":"https:\/\/koraledetale.pl\/index.php?rest_route=%2Fwp%2Fv2%2Fproduct_cat&post=2595"},{"taxonomy":"product_tag","embeddable":true,"href":"https:\/\/koraledetale.pl\/index.php?rest_route=%2Fwp%2Fv2%2Fproduct_tag&post=2595"}],"curies":[{"name":"wp","href":"https:\/\/api.w.org\/{rel}","templated":true}]}}