{"id":2594,"date":"2022-06-22T10:27:47","date_gmt":"2022-06-22T10:27:47","guid":{"rendered":"https:\/\/koraledetale.pl\/?post_type=product&#038;p=2594"},"modified":"2022-07-30T07:17:06","modified_gmt":"2022-07-30T07:17:06","slug":"naszyjnik-orient-z-amazonitami-turkusem-apatytem-i-kwarcem-dymnym","status":"publish","type":"product","link":"https:\/\/koraledetale.pl\/?product=naszyjnik-orient-z-amazonitami-turkusem-apatytem-i-kwarcem-dymnym","title":{"rendered":"Naszyjnik ORIENT z amazonitami, turkusem, apatytem i kwarcem dymnym"},"content":{"rendered":"<p>Wielko\u015b\u0107 kamieni:<\/p>\n<ul>\n<li>amazonit &#8211; 5,5 x 4 mm,<\/li>\n<li>turkus &#8211; 4 x 2 mm,<\/li>\n<li>apatyt &#8211; 4 x 3 mm,<\/li>\n<li>kwarc dymny &#8211; 5 mm,<\/li>\n<li>hematyt &#8211; 3,5 x 2 mm, 3 x 1 mm i 2 mm.<\/li>\n<\/ul>\n<p>D\u0142ugo\u015b\u0107 naszyjnika &#8211; 84 cm + zawieszka z chwostem &#8211; 8 cm.<\/p>\n","protected":false},"excerpt":{"rendered":"<p>D\u0142ugi naszyjnik w orientalnym stylu z amazonitami, turkusami, apatytami i kwarcami dymnymi, przeplatanymi z\u0142otymi hematytami. Zwie\u0144czeniem naszyjnika jest filigran ze stali chirurgicznej (szlachetnej), od kt\u00f3rego odchodzi jasnoturkusowy chwost.<\/p>\n","protected":false},"featured_media":2589,"comment_status":"open","ping_status":"closed","template":"","meta":{"advanced_seo_description":"","jetpack_seo_html_title":"","jetpack_seo_noindex":false},"product_brand":[],"product_cat":[229],"product_tag":[53,92,65,953,63,954,952,105],"class_list":{"0":"post-2594","1":"product","2":"type-product","3":"status-publish","4":"has-post-thumbnail","6":"product_cat-sprzedane","7":"product_tag-amazonit","8":"product_tag-apatyt","9":"product_tag-chwost","10":"product_tag-dlugi-naszyjnik-z-chwostem","11":"product_tag-kwarc-dymny","12":"product_tag-naszyjnik-z-blekitnymi-kamieniami","13":"product_tag-orientalny-naszyjnik","14":"product_tag-turkus","16":"first","17":"outofstock","18":"shipping-taxable","19":"purchasable","20":"product-type-simple"},"jetpack_sharing_enabled":true,"_links":{"self":[{"href":"https:\/\/koraledetale.pl\/index.php?rest_route=\/wp\/v2\/product\/2594","targetHints":{"allow":["GET"]}}],"collection":[{"href":"https:\/\/koraledetale.pl\/index.php?rest_route=\/wp\/v2\/product"}],"about":[{"href":"https:\/\/koraledetale.pl\/index.php?rest_route=\/wp\/v2\/types\/product"}],"replies":[{"embeddable":true,"href":"https:\/\/koraledetale.pl\/index.php?rest_route=%2Fwp%2Fv2%2Fcomments&post=2594"}],"wp:featuredmedia":[{"embeddable":true,"href":"https:\/\/koraledetale.pl\/index.php?rest_route=\/wp\/v2\/media\/2589"}],"wp:attachment":[{"href":"https:\/\/koraledetale.pl\/index.php?rest_route=%2Fwp%2Fv2%2Fmedia&parent=2594"}],"wp:term":[{"taxonomy":"product_brand","embeddable":true,"href":"https:\/\/koraledetale.pl\/index.php?rest_route=%2Fwp%2Fv2%2Fproduct_brand&post=2594"},{"taxonomy":"product_cat","embeddable":true,"href":"https:\/\/koraledetale.pl\/index.php?rest_route=%2Fwp%2Fv2%2Fproduct_cat&post=2594"},{"taxonomy":"product_tag","embeddable":true,"href":"https:\/\/koraledetale.pl\/index.php?rest_route=%2Fwp%2Fv2%2Fproduct_tag&post=2594"}],"curies":[{"name":"wp","href":"https:\/\/api.w.org\/{rel}","templated":true}]}}