{"id":2579,"date":"2022-06-21T06:08:05","date_gmt":"2022-06-21T06:08:05","guid":{"rendered":"https:\/\/koraledetale.pl\/?post_type=product&#038;p=2579"},"modified":"2022-08-16T07:14:40","modified_gmt":"2022-08-16T07:14:40","slug":"naszyjnik-sukces-z-rozowym-kwarcem-i-moneta","status":"publish","type":"product","link":"https:\/\/koraledetale.pl\/?product=naszyjnik-sukces-z-rozowym-kwarcem-i-moneta","title":{"rendered":"Naszyjnik SUKCES z r\u00f3\u017cowym kwarcem i monet\u0105"},"content":{"rendered":"<p>Wielko\u015b\u0107 zawieszek:<\/p>\n<ul>\n<li>kwarc r\u00f3\u017cowy \u2013 11\u00d77 mm,<\/li>\n<li>luna \u2013 8\u00d710 mm,<\/li>\n<li>blaszka \u2013 8\u00d78 mm,<\/li>\n<li>moneta z k\u00f3\u0142kiem \u2013 16\u00d716 mm.<\/li>\n<\/ul>\n<p>Naszyjnik zapniesz w dowolnym miejscu \u0142a\u0144cucha, maksymalnie na d\u0142ugo\u015bci 46 cm.<\/p>\n","protected":false},"excerpt":{"rendered":"<p>Naszyjnik z \u0142a\u0144cucha o du\u017cych oczkach z nieuczulaj\u0105cej stali chirurgicznej (szlachetnej) w kolorze z\u0142ota i srebra,\u00a0 z zawieszkami \u2013 jednostronn\u0105 monet\u0105, lun\u0105, okr\u0105g\u0142\u0105 blaszk\u0105 i owalnym r\u00f3\u017cowym kwarcem w srebrnej oprawie.<\/p>\n","protected":false},"featured_media":2581,"comment_status":"open","ping_status":"closed","template":"","meta":{"advanced_seo_description":"","jetpack_seo_html_title":"","jetpack_seo_noindex":false},"product_brand":[],"product_cat":[229],"product_tag":[687,898,950,949,951],"class_list":{"0":"post-2579","1":"product","2":"type-product","3":"status-publish","4":"has-post-thumbnail","6":"product_cat-sprzedane","7":"product_tag-luna","8":"product_tag-zawieszki","9":"product_tag-lancuch-z-moneta","10":"product_tag-lancuch-z-zawieszkami","11":"product_tag-lancuszek-z-rozowym-kwarcem","13":"first","14":"outofstock","15":"shipping-taxable","16":"purchasable","17":"product-type-simple"},"jetpack_sharing_enabled":true,"_links":{"self":[{"href":"https:\/\/koraledetale.pl\/index.php?rest_route=\/wp\/v2\/product\/2579","targetHints":{"allow":["GET"]}}],"collection":[{"href":"https:\/\/koraledetale.pl\/index.php?rest_route=\/wp\/v2\/product"}],"about":[{"href":"https:\/\/koraledetale.pl\/index.php?rest_route=\/wp\/v2\/types\/product"}],"replies":[{"embeddable":true,"href":"https:\/\/koraledetale.pl\/index.php?rest_route=%2Fwp%2Fv2%2Fcomments&post=2579"}],"wp:featuredmedia":[{"embeddable":true,"href":"https:\/\/koraledetale.pl\/index.php?rest_route=\/wp\/v2\/media\/2581"}],"wp:attachment":[{"href":"https:\/\/koraledetale.pl\/index.php?rest_route=%2Fwp%2Fv2%2Fmedia&parent=2579"}],"wp:term":[{"taxonomy":"product_brand","embeddable":true,"href":"https:\/\/koraledetale.pl\/index.php?rest_route=%2Fwp%2Fv2%2Fproduct_brand&post=2579"},{"taxonomy":"product_cat","embeddable":true,"href":"https:\/\/koraledetale.pl\/index.php?rest_route=%2Fwp%2Fv2%2Fproduct_cat&post=2579"},{"taxonomy":"product_tag","embeddable":true,"href":"https:\/\/koraledetale.pl\/index.php?rest_route=%2Fwp%2Fv2%2Fproduct_tag&post=2579"}],"curies":[{"name":"wp","href":"https:\/\/api.w.org\/{rel}","templated":true}]}}