{"id":2576,"date":"2022-06-19T19:29:25","date_gmt":"2022-06-19T19:29:25","guid":{"rendered":"https:\/\/koraledetale.pl\/?post_type=product&#038;p=2576"},"modified":"2022-07-21T20:12:08","modified_gmt":"2022-07-21T20:12:08","slug":"bransoletka-na-noge-skrzydlo","status":"publish","type":"product","link":"https:\/\/koraledetale.pl\/?product=bransoletka-na-noge-skrzydlo","title":{"rendered":"Bransoletka na nog\u0119 SKRZYD\u0141O"},"content":{"rendered":"<p>Wielko\u015b\u0107 kamieni:<\/p>\n<ul>\n<li>lapis lazuri &#8211; 2,5 x 2 mm,<\/li>\n<li>spinel &#8211; 3 x 2,5 i 2,5 mm,<\/li>\n<li>howlit turkusowy &#8211; 2,5 mm,<\/li>\n<li>hematyt &#8211; 2 mm.<\/li>\n<\/ul>\n<p>D\u0142ugo\u015b\u0107 bransoletki: od 20 do 30 mm.<\/p>\n","protected":false},"excerpt":{"rendered":"<p>Bransoletka na nog\u0119 z lapis lazuri, spinelami, howlitami turkusowymi, z zawieszk\u0105 &#8211; skrzyd\u0142em anio\u0142a. Dzi\u0119ki \u0142atwej regulacji dopasujesz bransoletk\u0119 do obwodu kostki.<\/p>\n<p>Zawieszka wykonana jest z nieuczulaj\u0105cej stali chirurgicznej (szlachetnej).<\/p>\n","protected":false},"featured_media":2577,"comment_status":"open","ping_status":"closed","template":"","meta":{"advanced_seo_description":"","jetpack_seo_html_title":"","jetpack_seo_noindex":false},"product_brand":[],"product_cat":[229],"product_tag":[946,67,463,81,135,39,948],"class_list":{"0":"post-2576","1":"product","2":"type-product","3":"status-publish","4":"has-post-thumbnail","6":"product_cat-sprzedane","7":"product_tag-bransoletka-na-noge","8":"product_tag-hematyt","9":"product_tag-howlit-turkusowy","10":"product_tag-lapis-lazuri","11":"product_tag-skrzydlo","12":"product_tag-spinel","13":"product_tag-sznurkowa-bransoletka-na-noge","15":"first","16":"outofstock","17":"shipping-taxable","18":"purchasable","19":"product-type-simple"},"jetpack_sharing_enabled":true,"_links":{"self":[{"href":"https:\/\/koraledetale.pl\/index.php?rest_route=\/wp\/v2\/product\/2576","targetHints":{"allow":["GET"]}}],"collection":[{"href":"https:\/\/koraledetale.pl\/index.php?rest_route=\/wp\/v2\/product"}],"about":[{"href":"https:\/\/koraledetale.pl\/index.php?rest_route=\/wp\/v2\/types\/product"}],"replies":[{"embeddable":true,"href":"https:\/\/koraledetale.pl\/index.php?rest_route=%2Fwp%2Fv2%2Fcomments&post=2576"}],"wp:featuredmedia":[{"embeddable":true,"href":"https:\/\/koraledetale.pl\/index.php?rest_route=\/wp\/v2\/media\/2577"}],"wp:attachment":[{"href":"https:\/\/koraledetale.pl\/index.php?rest_route=%2Fwp%2Fv2%2Fmedia&parent=2576"}],"wp:term":[{"taxonomy":"product_brand","embeddable":true,"href":"https:\/\/koraledetale.pl\/index.php?rest_route=%2Fwp%2Fv2%2Fproduct_brand&post=2576"},{"taxonomy":"product_cat","embeddable":true,"href":"https:\/\/koraledetale.pl\/index.php?rest_route=%2Fwp%2Fv2%2Fproduct_cat&post=2576"},{"taxonomy":"product_tag","embeddable":true,"href":"https:\/\/koraledetale.pl\/index.php?rest_route=%2Fwp%2Fv2%2Fproduct_tag&post=2576"}],"curies":[{"name":"wp","href":"https:\/\/api.w.org\/{rel}","templated":true}]}}