{"id":2554,"date":"2022-06-14T17:22:09","date_gmt":"2022-06-14T17:22:09","guid":{"rendered":"https:\/\/koraledetale.pl\/?post_type=product&#038;p=2554"},"modified":"2024-11-16T18:04:42","modified_gmt":"2024-11-16T18:04:42","slug":"lancuszek-obfitosc-ii-z-cytrynem-turmalinem-ametystem-i-kianitem","status":"publish","type":"product","link":"https:\/\/koraledetale.pl\/?product=lancuszek-obfitosc-ii-z-cytrynem-turmalinem-ametystem-i-kianitem","title":{"rendered":"\u0141a\u0144cuszek OBFITO\u015a\u0106 II z cytrynem, turmalinem, ametystem i kianitem"},"content":{"rendered":"<p>Wielko\u015b\u0107 kamieni:<\/p>\n<ul>\n<li>cytryn &#8211; 8 x 8 x 4 mm,<\/li>\n<li>turmalin &#8211; \u0142ezka: 6 x 4 mm, pastylka &#8211; 5 x 3 mm,<\/li>\n<li>ametyst &#8211; 3,5 mm,<\/li>\n<li>kianit &#8211; 3 mm,<\/li>\n<li>hematyt &#8211; 2,5 x 2,5 mm, 2,5 x 1 mm i 2 mm.<\/li>\n<\/ul>\n<p>D\u0142ugo\u015b\u0107 naszyjnika: 44 &#8211; 49 cm + zawieszki 4,8 cm.<\/p>\n","protected":false},"excerpt":{"rendered":"<p>\u0141a\u0144cuszek z kolorowymi zawieszkami z kamieni naturalnych: \u0142ezki cytrynu, \u0142ezki i pastylki zielonego turmalinu, fasetowanych kuleczek ametystu i zielonego kianitu oraz z\u0142otego hematytu. \u0141a\u0144cuszek wykonany jest z nieuczulaj\u0105cej stali chirurgicznej (szlachetnej).<\/p>\n","protected":false},"featured_media":2557,"comment_status":"open","ping_status":"closed","template":"","meta":{"advanced_seo_description":"","jetpack_seo_html_title":"","jetpack_seo_noindex":false},"product_brand":[],"product_cat":[229],"product_tag":[38,193,67,323,187,87,942,941],"class_list":{"0":"post-2554","1":"product","2":"type-product","3":"status-publish","4":"has-post-thumbnail","6":"product_cat-sprzedane","7":"product_tag-ametyst","8":"product_tag-cytryn","9":"product_tag-hematyt","10":"product_tag-kianit","11":"product_tag-naszyjnik-z-kolorowymi-kamieniami","12":"product_tag-turmalin","13":"product_tag-lancuszek-z-cytrynem","14":"product_tag-lancuszek-z-zielonymi-kamieniami","16":"first","17":"outofstock","18":"shipping-taxable","19":"product-type-simple"},"jetpack_sharing_enabled":true,"_links":{"self":[{"href":"https:\/\/koraledetale.pl\/index.php?rest_route=\/wp\/v2\/product\/2554","targetHints":{"allow":["GET"]}}],"collection":[{"href":"https:\/\/koraledetale.pl\/index.php?rest_route=\/wp\/v2\/product"}],"about":[{"href":"https:\/\/koraledetale.pl\/index.php?rest_route=\/wp\/v2\/types\/product"}],"replies":[{"embeddable":true,"href":"https:\/\/koraledetale.pl\/index.php?rest_route=%2Fwp%2Fv2%2Fcomments&post=2554"}],"wp:featuredmedia":[{"embeddable":true,"href":"https:\/\/koraledetale.pl\/index.php?rest_route=\/wp\/v2\/media\/2557"}],"wp:attachment":[{"href":"https:\/\/koraledetale.pl\/index.php?rest_route=%2Fwp%2Fv2%2Fmedia&parent=2554"}],"wp:term":[{"taxonomy":"product_brand","embeddable":true,"href":"https:\/\/koraledetale.pl\/index.php?rest_route=%2Fwp%2Fv2%2Fproduct_brand&post=2554"},{"taxonomy":"product_cat","embeddable":true,"href":"https:\/\/koraledetale.pl\/index.php?rest_route=%2Fwp%2Fv2%2Fproduct_cat&post=2554"},{"taxonomy":"product_tag","embeddable":true,"href":"https:\/\/koraledetale.pl\/index.php?rest_route=%2Fwp%2Fv2%2Fproduct_tag&post=2554"}],"curies":[{"name":"wp","href":"https:\/\/api.w.org\/{rel}","templated":true}]}}