{"id":2548,"date":"2022-06-10T17:13:33","date_gmt":"2022-06-10T17:13:33","guid":{"rendered":"https:\/\/koraledetale.pl\/?post_type=product&#038;p=2548"},"modified":"2023-11-30T15:58:53","modified_gmt":"2023-11-30T15:58:53","slug":"naszyjnik-cukierek-z-hematytami","status":"publish","type":"product","link":"https:\/\/koraledetale.pl\/?product=naszyjnik-cukierek-z-hematytami","title":{"rendered":"Naszyjnik CUKIEREK z hematytami"},"content":{"rendered":"<p>Wielko\u015b\u0107 hematyt\u00f3w &#8211; 3 mm.<\/p>\n<p>D\u0142ugo\u015b\u0107 naszyjnika &#8211; od 54 do 94 cm + zawieszka 3 cm.<\/p>\n","protected":false},"excerpt":{"rendered":"<p>Naszyjnik z ksi\u0119\u017cycem zawieszonym na sznurku z wplecionymi srebrnymi hematytami. Dzi\u0119ki \u0142atwej regulacji dopasujesz naszyjnik do stylizacji. Na zdj\u0119ciach pokazana jest d\u0142ugo\u015b\u0107 minimalna i maksymalna.<\/p>\n<p>Zawieszka wykonana jest z nieuczulaj\u0105cej stali chirurgicznej (szlachetnej).<\/p>\n","protected":false},"featured_media":2553,"comment_status":"open","ping_status":"closed","template":"","meta":{"advanced_seo_description":"","jetpack_seo_html_title":"","jetpack_seo_noindex":false},"product_brand":[],"product_cat":[229],"product_tag":[],"class_list":{"0":"post-2548","1":"product","2":"type-product","3":"status-publish","4":"has-post-thumbnail","6":"product_cat-sprzedane","8":"first","9":"outofstock","10":"shipping-taxable","11":"purchasable","12":"product-type-simple"},"jetpack_sharing_enabled":true,"_links":{"self":[{"href":"https:\/\/koraledetale.pl\/index.php?rest_route=\/wp\/v2\/product\/2548","targetHints":{"allow":["GET"]}}],"collection":[{"href":"https:\/\/koraledetale.pl\/index.php?rest_route=\/wp\/v2\/product"}],"about":[{"href":"https:\/\/koraledetale.pl\/index.php?rest_route=\/wp\/v2\/types\/product"}],"replies":[{"embeddable":true,"href":"https:\/\/koraledetale.pl\/index.php?rest_route=%2Fwp%2Fv2%2Fcomments&post=2548"}],"wp:featuredmedia":[{"embeddable":true,"href":"https:\/\/koraledetale.pl\/index.php?rest_route=\/wp\/v2\/media\/2553"}],"wp:attachment":[{"href":"https:\/\/koraledetale.pl\/index.php?rest_route=%2Fwp%2Fv2%2Fmedia&parent=2548"}],"wp:term":[{"taxonomy":"product_brand","embeddable":true,"href":"https:\/\/koraledetale.pl\/index.php?rest_route=%2Fwp%2Fv2%2Fproduct_brand&post=2548"},{"taxonomy":"product_cat","embeddable":true,"href":"https:\/\/koraledetale.pl\/index.php?rest_route=%2Fwp%2Fv2%2Fproduct_cat&post=2548"},{"taxonomy":"product_tag","embeddable":true,"href":"https:\/\/koraledetale.pl\/index.php?rest_route=%2Fwp%2Fv2%2Fproduct_tag&post=2548"}],"curies":[{"name":"wp","href":"https:\/\/api.w.org\/{rel}","templated":true}]}}