{"id":2522,"date":"2022-06-07T12:14:29","date_gmt":"2022-06-07T12:14:29","guid":{"rendered":"https:\/\/koraledetale.pl\/?post_type=product&#038;p=2522"},"modified":"2024-11-12T10:22:58","modified_gmt":"2024-11-12T10:22:58","slug":"kolczyki-lodowiec-z-krysztalem-gorskim","status":"publish","type":"product","link":"https:\/\/koraledetale.pl\/?product=kolczyki-lodowiec-z-krysztalem-gorskim","title":{"rendered":"Kolczyki LODOWIEC z kryszta\u0142em g\u00f3rskim"},"content":{"rendered":"<p>Wielko\u015b\u0107 kryszta\u0142\u00f3w g\u00f3rskich: 21 x 8,5 mm.<\/p>\n<p>D\u0142ugo\u015b\u0107 kolczyk\u00f3w: 3,4 cm.<\/p>\n","protected":false},"excerpt":{"rendered":"<p>Kolczyki na sztyftach z nieuczulaj\u0105cej stali chirurgicznej (szlachetnej) z kryszta\u0142em g\u00f3rskim.<\/p>\n","protected":false},"featured_media":2516,"comment_status":"open","ping_status":"closed","template":"","meta":{"advanced_seo_description":"","jetpack_seo_html_title":"","jetpack_seo_noindex":false},"product_brand":[],"product_cat":[229],"product_tag":[43,809,702],"class_list":{"0":"post-2522","1":"product","2":"type-product","3":"status-publish","4":"has-post-thumbnail","6":"product_cat-sprzedane","7":"product_tag-kolczyki-na-sztyftach","8":"product_tag-kolczyki-z-krysztalem-gorskim","9":"product_tag-krysztal-gorski","11":"first","12":"outofstock","13":"shipping-taxable","14":"product-type-simple"},"jetpack_sharing_enabled":true,"_links":{"self":[{"href":"https:\/\/koraledetale.pl\/index.php?rest_route=\/wp\/v2\/product\/2522","targetHints":{"allow":["GET"]}}],"collection":[{"href":"https:\/\/koraledetale.pl\/index.php?rest_route=\/wp\/v2\/product"}],"about":[{"href":"https:\/\/koraledetale.pl\/index.php?rest_route=\/wp\/v2\/types\/product"}],"replies":[{"embeddable":true,"href":"https:\/\/koraledetale.pl\/index.php?rest_route=%2Fwp%2Fv2%2Fcomments&post=2522"}],"wp:featuredmedia":[{"embeddable":true,"href":"https:\/\/koraledetale.pl\/index.php?rest_route=\/wp\/v2\/media\/2516"}],"wp:attachment":[{"href":"https:\/\/koraledetale.pl\/index.php?rest_route=%2Fwp%2Fv2%2Fmedia&parent=2522"}],"wp:term":[{"taxonomy":"product_brand","embeddable":true,"href":"https:\/\/koraledetale.pl\/index.php?rest_route=%2Fwp%2Fv2%2Fproduct_brand&post=2522"},{"taxonomy":"product_cat","embeddable":true,"href":"https:\/\/koraledetale.pl\/index.php?rest_route=%2Fwp%2Fv2%2Fproduct_cat&post=2522"},{"taxonomy":"product_tag","embeddable":true,"href":"https:\/\/koraledetale.pl\/index.php?rest_route=%2Fwp%2Fv2%2Fproduct_tag&post=2522"}],"curies":[{"name":"wp","href":"https:\/\/api.w.org\/{rel}","templated":true}]}}