{"id":2499,"date":"2022-06-04T13:20:14","date_gmt":"2022-06-04T13:20:14","guid":{"rendered":"https:\/\/koraledetale.pl\/?post_type=product&#038;p=2499"},"modified":"2024-11-12T10:24:09","modified_gmt":"2024-11-12T10:24:09","slug":"naszyjnik-mroz-z-labradorytem-i-turmalinami","status":"publish","type":"product","link":"https:\/\/koraledetale.pl\/?product=naszyjnik-mroz-z-labradorytem-i-turmalinami","title":{"rendered":"Naszyjnik MR\u00d3Z z labradorytem i turmalinami"},"content":{"rendered":"<p>Wielko\u015b\u0107 kamieni:<\/p>\n<ul>\n<li>labradoryt &#8211; 2 mm,<\/li>\n<li>turmalin &#8211; 2 mm,<\/li>\n<li>hematyt &#8211; 2 mm.<\/li>\n<\/ul>\n<p>D\u0142ugo\u015b\u0107 naszyjnika: 38 &#8211; 43 cm + zawieszka 0,8 cm.<\/p>\n","protected":false},"excerpt":{"rendered":"<p>Minimalistyczny naszyjnik z drobnych labradoryt\u00f3w przeplatanych r\u00f3\u017cowymi turmalinami i srebrnymi hematytami. Zwie\u0144czeniem naszyjnika jest drobna zawieszka z labradorytem w srebrnym okuciu. Zapi\u0119cie wykonane jest z nieuczulaj\u0105cej stali chirurgicznej (szlachetnej).<\/p>\n","protected":false},"featured_media":2503,"comment_status":"open","ping_status":"closed","template":"","meta":{"advanced_seo_description":"","jetpack_seo_html_title":"","jetpack_seo_noindex":false},"product_brand":[],"product_cat":[229],"product_tag":[56,921,922,26,87],"class_list":{"0":"post-2499","1":"product","2":"type-product","3":"status-publish","4":"has-post-thumbnail","6":"product_cat-sprzedane","7":"product_tag-labradoryt","8":"product_tag-naszyjnik-z-drobnych-labradorytow","9":"product_tag-naszyjnik-z-szarych-kamieni","10":"product_tag-srebrny-hematyt","11":"product_tag-turmalin","13":"first","14":"outofstock","15":"shipping-taxable","16":"product-type-simple"},"jetpack_sharing_enabled":true,"_links":{"self":[{"href":"https:\/\/koraledetale.pl\/index.php?rest_route=\/wp\/v2\/product\/2499","targetHints":{"allow":["GET"]}}],"collection":[{"href":"https:\/\/koraledetale.pl\/index.php?rest_route=\/wp\/v2\/product"}],"about":[{"href":"https:\/\/koraledetale.pl\/index.php?rest_route=\/wp\/v2\/types\/product"}],"replies":[{"embeddable":true,"href":"https:\/\/koraledetale.pl\/index.php?rest_route=%2Fwp%2Fv2%2Fcomments&post=2499"}],"wp:featuredmedia":[{"embeddable":true,"href":"https:\/\/koraledetale.pl\/index.php?rest_route=\/wp\/v2\/media\/2503"}],"wp:attachment":[{"href":"https:\/\/koraledetale.pl\/index.php?rest_route=%2Fwp%2Fv2%2Fmedia&parent=2499"}],"wp:term":[{"taxonomy":"product_brand","embeddable":true,"href":"https:\/\/koraledetale.pl\/index.php?rest_route=%2Fwp%2Fv2%2Fproduct_brand&post=2499"},{"taxonomy":"product_cat","embeddable":true,"href":"https:\/\/koraledetale.pl\/index.php?rest_route=%2Fwp%2Fv2%2Fproduct_cat&post=2499"},{"taxonomy":"product_tag","embeddable":true,"href":"https:\/\/koraledetale.pl\/index.php?rest_route=%2Fwp%2Fv2%2Fproduct_tag&post=2499"}],"curies":[{"name":"wp","href":"https:\/\/api.w.org\/{rel}","templated":true}]}}