{"id":2482,"date":"2022-06-03T10:13:44","date_gmt":"2022-06-03T10:13:44","guid":{"rendered":"https:\/\/koraledetale.pl\/?post_type=product&#038;p=2482"},"modified":"2024-11-12T10:25:13","modified_gmt":"2024-11-12T10:25:13","slug":"naszyjnik-rafa-koralowa-i-z-koralem-i-howlitem","status":"publish","type":"product","link":"https:\/\/koraledetale.pl\/?product=naszyjnik-rafa-koralowa-i-z-koralem-i-howlitem","title":{"rendered":"Naszyjnik RAFA KORALOWA I z koralem i howlitem"},"content":{"rendered":"<p>Wielko\u015b\u0107 kamieni:<\/p>\n<ul>\n<li>koral &#8211; 2 mm,<\/li>\n<li>howlit turkusowy &#8211; 2,5 mm,<\/li>\n<li>hematyt &#8211; 2 x 1 i 2 mm.<\/li>\n<\/ul>\n<p>D\u0142ugo\u015b\u0107 naszyjnika: 42 cm + zawieszka 1,3 cm.<\/p>\n","protected":false},"excerpt":{"rendered":"<p>Naszyjnik z drobnych, fasetowanych korali przeplatanych z\u0142otymi hematytami i howlitem turkusowym. Zwie\u0144czeniem naszyjnika jest zawieszka w kszta\u0142cie li\u015bcia mi\u0142orz\u0119bu japo\u0144skiego.<\/p>\n<p>Wszystkie elementy metalowe wykonane s\u0105 z nieuczulaj\u0105cej stali chirurgicznej (szlachetnej).<\/p>\n","protected":false},"featured_media":2490,"comment_status":"open","ping_status":"closed","template":"","meta":{"advanced_seo_description":"","jetpack_seo_html_title":"","jetpack_seo_noindex":false},"product_brand":[],"product_cat":[229],"product_tag":[463,82,914,913,21,72,31],"class_list":{"0":"post-2482","1":"product","2":"type-product","3":"status-publish","4":"has-post-thumbnail","6":"product_cat-sprzedane","7":"product_tag-howlit-turkusowy","8":"product_tag-koral","9":"product_tag-naszyjnik-z-czerwonych-kamieni","10":"product_tag-naszyjnik-z-drobnego-koralu","11":"product_tag-naszyjnik-z-kamieni-naturalnych","12":"product_tag-zawieszka","13":"product_tag-zloty-hematyt","15":"first","16":"outofstock","17":"shipping-taxable","18":"product-type-simple"},"jetpack_sharing_enabled":true,"_links":{"self":[{"href":"https:\/\/koraledetale.pl\/index.php?rest_route=\/wp\/v2\/product\/2482","targetHints":{"allow":["GET"]}}],"collection":[{"href":"https:\/\/koraledetale.pl\/index.php?rest_route=\/wp\/v2\/product"}],"about":[{"href":"https:\/\/koraledetale.pl\/index.php?rest_route=\/wp\/v2\/types\/product"}],"replies":[{"embeddable":true,"href":"https:\/\/koraledetale.pl\/index.php?rest_route=%2Fwp%2Fv2%2Fcomments&post=2482"}],"wp:featuredmedia":[{"embeddable":true,"href":"https:\/\/koraledetale.pl\/index.php?rest_route=\/wp\/v2\/media\/2490"}],"wp:attachment":[{"href":"https:\/\/koraledetale.pl\/index.php?rest_route=%2Fwp%2Fv2%2Fmedia&parent=2482"}],"wp:term":[{"taxonomy":"product_brand","embeddable":true,"href":"https:\/\/koraledetale.pl\/index.php?rest_route=%2Fwp%2Fv2%2Fproduct_brand&post=2482"},{"taxonomy":"product_cat","embeddable":true,"href":"https:\/\/koraledetale.pl\/index.php?rest_route=%2Fwp%2Fv2%2Fproduct_cat&post=2482"},{"taxonomy":"product_tag","embeddable":true,"href":"https:\/\/koraledetale.pl\/index.php?rest_route=%2Fwp%2Fv2%2Fproduct_tag&post=2482"}],"curies":[{"name":"wp","href":"https:\/\/api.w.org\/{rel}","templated":true}]}}