{"id":2473,"date":"2022-06-01T08:43:30","date_gmt":"2022-06-01T08:43:30","guid":{"rendered":"https:\/\/koraledetale.pl\/?post_type=product&#038;p=2473"},"modified":"2024-11-12T10:26:08","modified_gmt":"2024-11-12T10:26:08","slug":"regulowany-naszyjnik-z-labradorytem-kianitem-i-ametystem","status":"publish","type":"product","link":"https:\/\/koraledetale.pl\/?product=regulowany-naszyjnik-z-labradorytem-kianitem-i-ametystem","title":{"rendered":"Regulowany naszyjnik z labradorytem, kianitem i ametystem"},"content":{"rendered":"<p>Wielko\u015b\u0107 kamieni:<\/p>\n<ul>\n<li>kianit -3 mm,<\/li>\n<li>ametyst &#8211; 2,5 mm,<\/li>\n<li>labradoryt \u2013 11\u00d76 mm,<\/li>\n<li>hematyt \u2013 2 mm i 2\u00d71 mm.<\/li>\n<\/ul>\n<p>D\u0142ugo\u015b\u0107 naszyjnika do 64 cm + zawieszka 1,1 cm.<\/p>\n","protected":false},"excerpt":{"rendered":"<p>Regulowany naszyjnik z fasetowanymi kianitami i ametystami, przeplatanymi z\u0142otymi hematytami, z zawieszk\u0105 \u2013 \u0142ezk\u0105 labradorytu. Dzi\u0119ki \u0142atwej regulacji, naszyjnik mo\u017ce by\u0107 noszony jako kr\u00f3tki lub \u015bredniej d\u0142ugo\u015bci, w zale\u017cno\u015bci od dekoltu. Mocne nici jubilerskie zapewni\u0105 naszyjnikowi wytrzyma\u0142o\u015b\u0107.<\/p>\n","protected":false},"featured_media":2462,"comment_status":"open","ping_status":"closed","template":"","meta":{"advanced_seo_description":"","jetpack_seo_html_title":"","jetpack_seo_noindex":false},"product_brand":[],"product_cat":[229],"product_tag":[38,909,56,541,908,31],"class_list":{"0":"post-2473","1":"product","2":"type-product","3":"status-publish","4":"has-post-thumbnail","6":"product_cat-sprzedane","7":"product_tag-ametyst","8":"product_tag-kianir","9":"product_tag-labradoryt","10":"product_tag-regulowany-naszyjnik-z-kamieniami-naturalnymi","11":"product_tag-regulowany-naszyjnik-z-labradorytem","12":"product_tag-zloty-hematyt","14":"first","15":"outofstock","16":"shipping-taxable","17":"product-type-simple"},"jetpack_sharing_enabled":true,"_links":{"self":[{"href":"https:\/\/koraledetale.pl\/index.php?rest_route=\/wp\/v2\/product\/2473","targetHints":{"allow":["GET"]}}],"collection":[{"href":"https:\/\/koraledetale.pl\/index.php?rest_route=\/wp\/v2\/product"}],"about":[{"href":"https:\/\/koraledetale.pl\/index.php?rest_route=\/wp\/v2\/types\/product"}],"replies":[{"embeddable":true,"href":"https:\/\/koraledetale.pl\/index.php?rest_route=%2Fwp%2Fv2%2Fcomments&post=2473"}],"wp:featuredmedia":[{"embeddable":true,"href":"https:\/\/koraledetale.pl\/index.php?rest_route=\/wp\/v2\/media\/2462"}],"wp:attachment":[{"href":"https:\/\/koraledetale.pl\/index.php?rest_route=%2Fwp%2Fv2%2Fmedia&parent=2473"}],"wp:term":[{"taxonomy":"product_brand","embeddable":true,"href":"https:\/\/koraledetale.pl\/index.php?rest_route=%2Fwp%2Fv2%2Fproduct_brand&post=2473"},{"taxonomy":"product_cat","embeddable":true,"href":"https:\/\/koraledetale.pl\/index.php?rest_route=%2Fwp%2Fv2%2Fproduct_cat&post=2473"},{"taxonomy":"product_tag","embeddable":true,"href":"https:\/\/koraledetale.pl\/index.php?rest_route=%2Fwp%2Fv2%2Fproduct_tag&post=2473"}],"curies":[{"name":"wp","href":"https:\/\/api.w.org\/{rel}","templated":true}]}}