{"id":2469,"date":"2022-05-31T08:43:37","date_gmt":"2022-05-31T08:43:37","guid":{"rendered":"https:\/\/koraledetale.pl\/?post_type=product&#038;p=2469"},"modified":"2024-11-12T10:26:25","modified_gmt":"2024-11-12T10:26:25","slug":"regulowana-bransoletka-z-kwarcami","status":"publish","type":"product","link":"https:\/\/koraledetale.pl\/?product=regulowana-bransoletka-z-kwarcami","title":{"rendered":"Regulowana bransoletka z kwarcami"},"content":{"rendered":"<p>Wielko\u015b\u0107 kamieni:<\/p>\n<ul>\n<li>ametyst, kryszta\u0142 g\u00f3rski, kwarc dymny, cytryn \u2013 3 mm,<\/li>\n<li>hematyt \u2013 2 mm i 2\u00d71 mm.<\/li>\n<\/ul>\n<p>D\u0142ugo\u015b\u0107 bransoletki do 22 cm.<\/p>\n","protected":false},"excerpt":{"rendered":"<p>Regulowana bransoletka z fasetowanymi kwarcami: ametystem, cytrynem, kryszta\u0142em g\u00f3rskim i kwarcem dymnym, przeplatanymi z\u0142otymi hematytami. Dzi\u0119ki \u0142atwej regulacji bransoletk\u0119 dopasujesz do obwodu nadgarstka. Mocne nici jubilerskie zapewni\u0105 jej wytrzyma\u0142o\u015b\u0107.<\/p>\n","protected":false},"featured_media":2470,"comment_status":"open","ping_status":"closed","template":"","meta":{"advanced_seo_description":"","jetpack_seo_html_title":"","jetpack_seo_noindex":false},"product_brand":[],"product_cat":[229],"product_tag":[38,907,80,193,702,63,906],"class_list":{"0":"post-2469","1":"product","2":"type-product","3":"status-publish","4":"has-post-thumbnail","6":"product_cat-sprzedane","7":"product_tag-ametyst","8":"product_tag-bransoletka-na-nitce","9":"product_tag-bransoletka-z-kamieniami-naturalnymi","10":"product_tag-cytryn","11":"product_tag-krysztal-gorski","12":"product_tag-kwarc-dymny","13":"product_tag-regulowana-bransoletka-z-kwarcami","15":"first","16":"outofstock","17":"shipping-taxable","18":"product-type-simple"},"jetpack_sharing_enabled":true,"_links":{"self":[{"href":"https:\/\/koraledetale.pl\/index.php?rest_route=\/wp\/v2\/product\/2469","targetHints":{"allow":["GET"]}}],"collection":[{"href":"https:\/\/koraledetale.pl\/index.php?rest_route=\/wp\/v2\/product"}],"about":[{"href":"https:\/\/koraledetale.pl\/index.php?rest_route=\/wp\/v2\/types\/product"}],"replies":[{"embeddable":true,"href":"https:\/\/koraledetale.pl\/index.php?rest_route=%2Fwp%2Fv2%2Fcomments&post=2469"}],"wp:featuredmedia":[{"embeddable":true,"href":"https:\/\/koraledetale.pl\/index.php?rest_route=\/wp\/v2\/media\/2470"}],"wp:attachment":[{"href":"https:\/\/koraledetale.pl\/index.php?rest_route=%2Fwp%2Fv2%2Fmedia&parent=2469"}],"wp:term":[{"taxonomy":"product_brand","embeddable":true,"href":"https:\/\/koraledetale.pl\/index.php?rest_route=%2Fwp%2Fv2%2Fproduct_brand&post=2469"},{"taxonomy":"product_cat","embeddable":true,"href":"https:\/\/koraledetale.pl\/index.php?rest_route=%2Fwp%2Fv2%2Fproduct_cat&post=2469"},{"taxonomy":"product_tag","embeddable":true,"href":"https:\/\/koraledetale.pl\/index.php?rest_route=%2Fwp%2Fv2%2Fproduct_tag&post=2469"}],"curies":[{"name":"wp","href":"https:\/\/api.w.org\/{rel}","templated":true}]}}