{"id":2450,"date":"2022-05-30T06:26:21","date_gmt":"2022-05-30T06:26:21","guid":{"rendered":"https:\/\/koraledetale.pl\/?post_type=product&#038;p=2450"},"modified":"2024-11-12T10:26:54","modified_gmt":"2024-11-12T10:26:54","slug":"naszyjnik-lesny-elf-z-kianitami-i-labradorytem","status":"publish","type":"product","link":"https:\/\/koraledetale.pl\/?product=naszyjnik-lesny-elf-z-kianitami-i-labradorytem","title":{"rendered":"Naszyjnik LE\u015aNY ELF z kianitami i labradorytem"},"content":{"rendered":"<p>Wielko\u015b\u0107 kamieni:<\/p>\n<ul>\n<li>kianit &#8211; 3 mm,<\/li>\n<li>labradoryt &#8211; 16 x 9 x 5 mm,<\/li>\n<li>hematyt &#8211; 2 i 2 x 1 mm.<\/li>\n<\/ul>\n<p>D\u0142ugo\u015b\u0107 naszyjnika &#8211; 48 cm + zawieszka &#8211; 2 cm.<\/p>\n","protected":false},"excerpt":{"rendered":"<p>Naszyjnik z kianit\u00f3w o niezwyk\u0142ej, zielonkawej barwie przeplatanych z\u0142otymi hematytami. Zwie\u0144czeniem naszyjnika jest zawieszka &#8211; ksi\u0119\u017cyc z labradorytu mieni\u0105cego si\u0119 zielon\u0105 po\u015bwiat\u0105. Zapi\u0119cie wykonane jest z nieuczulaj\u0105cej stali chirurgicznej, labradoryt ma z\u0142ocon\u0105 opraw\u0119..<\/p>\n","protected":false},"featured_media":2452,"comment_status":"open","ping_status":"closed","template":"","meta":{"advanced_seo_description":"","jetpack_seo_html_title":"","jetpack_seo_noindex":false},"product_brand":[],"product_cat":[229],"product_tag":[501,56,674,265,902,903,31],"class_list":{"0":"post-2450","1":"product","2":"type-product","3":"status-publish","4":"has-post-thumbnail","6":"product_cat-sprzedane","7":"product_tag-ksiezyc","8":"product_tag-labradoryt","9":"product_tag-naszyjnik-z-labradorytem","10":"product_tag-naszyjnik-z-zielonych-kamieni","11":"product_tag-naszyjnik-z-zielonych-kianitow","12":"product_tag-zielony-kianit","13":"product_tag-zloty-hematyt","15":"first","16":"outofstock","17":"shipping-taxable","18":"product-type-simple"},"jetpack_sharing_enabled":true,"_links":{"self":[{"href":"https:\/\/koraledetale.pl\/index.php?rest_route=\/wp\/v2\/product\/2450","targetHints":{"allow":["GET"]}}],"collection":[{"href":"https:\/\/koraledetale.pl\/index.php?rest_route=\/wp\/v2\/product"}],"about":[{"href":"https:\/\/koraledetale.pl\/index.php?rest_route=\/wp\/v2\/types\/product"}],"replies":[{"embeddable":true,"href":"https:\/\/koraledetale.pl\/index.php?rest_route=%2Fwp%2Fv2%2Fcomments&post=2450"}],"wp:featuredmedia":[{"embeddable":true,"href":"https:\/\/koraledetale.pl\/index.php?rest_route=\/wp\/v2\/media\/2452"}],"wp:attachment":[{"href":"https:\/\/koraledetale.pl\/index.php?rest_route=%2Fwp%2Fv2%2Fmedia&parent=2450"}],"wp:term":[{"taxonomy":"product_brand","embeddable":true,"href":"https:\/\/koraledetale.pl\/index.php?rest_route=%2Fwp%2Fv2%2Fproduct_brand&post=2450"},{"taxonomy":"product_cat","embeddable":true,"href":"https:\/\/koraledetale.pl\/index.php?rest_route=%2Fwp%2Fv2%2Fproduct_cat&post=2450"},{"taxonomy":"product_tag","embeddable":true,"href":"https:\/\/koraledetale.pl\/index.php?rest_route=%2Fwp%2Fv2%2Fproduct_tag&post=2450"}],"curies":[{"name":"wp","href":"https:\/\/api.w.org\/{rel}","templated":true}]}}