{"id":2449,"date":"2022-05-27T09:16:51","date_gmt":"2022-05-27T09:16:51","guid":{"rendered":"https:\/\/koraledetale.pl\/?post_type=product&#038;p=2449"},"modified":"2024-11-12T10:27:03","modified_gmt":"2024-11-12T10:27:03","slug":"bransoletka-karaibska-z-koralem-turkusem-i-awenturynem","status":"publish","type":"product","link":"https:\/\/koraledetale.pl\/?product=bransoletka-karaibska-z-koralem-turkusem-i-awenturynem","title":{"rendered":"Bransoletka KARAIBSKA z koralem, turkusem i awenturynem"},"content":{"rendered":"<p>Wielko\u015b\u0107 kamieni:<\/p>\n<ul>\n<li>koral\u2013 2,5 mm,<\/li>\n<li>turkus \u2013 2 mm,<\/li>\n<li>awenturyn &#8211; 2,5 mm<\/li>\n<li>hematyt \u2013 2 mm.<\/li>\n<\/ul>\n<p>D\u0142ugo\u015b\u0107 bransoletki: 16,2 \u2013 18,7 cm.<\/p>\n","protected":false},"excerpt":{"rendered":"<p>Bransoletka z drobnych bia\u0142ych korali przeplatanych turkusami, awenturynami i przek\u0142adkami ze z\u0142otego hematytu.<\/p>\n<p>Wszystkie elementy metalowe wykonane s\u0105 z nieuczulaj\u0105cej stali chirurgicznej (szlachetnej).<\/p>\n","protected":false},"featured_media":2441,"comment_status":"open","ping_status":"closed","template":"","meta":{"advanced_seo_description":"","jetpack_seo_html_title":"","jetpack_seo_noindex":false},"product_brand":[],"product_cat":[229],"product_tag":[482,163,79,237,843,105],"class_list":{"0":"post-2449","1":"product","2":"type-product","3":"status-publish","4":"has-post-thumbnail","6":"product_cat-sprzedane","7":"product_tag-awenturyn","8":"product_tag-bialy-koral","9":"product_tag-bransoletka-z-drobnych-kamieni","10":"product_tag-bransoletka-z-kolorowymi-kamieniami","11":"product_tag-bransoletka-z-turkusem","12":"product_tag-turkus","14":"first","15":"outofstock","16":"shipping-taxable","17":"product-type-simple"},"jetpack_sharing_enabled":true,"_links":{"self":[{"href":"https:\/\/koraledetale.pl\/index.php?rest_route=\/wp\/v2\/product\/2449","targetHints":{"allow":["GET"]}}],"collection":[{"href":"https:\/\/koraledetale.pl\/index.php?rest_route=\/wp\/v2\/product"}],"about":[{"href":"https:\/\/koraledetale.pl\/index.php?rest_route=\/wp\/v2\/types\/product"}],"replies":[{"embeddable":true,"href":"https:\/\/koraledetale.pl\/index.php?rest_route=%2Fwp%2Fv2%2Fcomments&post=2449"}],"wp:featuredmedia":[{"embeddable":true,"href":"https:\/\/koraledetale.pl\/index.php?rest_route=\/wp\/v2\/media\/2441"}],"wp:attachment":[{"href":"https:\/\/koraledetale.pl\/index.php?rest_route=%2Fwp%2Fv2%2Fmedia&parent=2449"}],"wp:term":[{"taxonomy":"product_brand","embeddable":true,"href":"https:\/\/koraledetale.pl\/index.php?rest_route=%2Fwp%2Fv2%2Fproduct_brand&post=2449"},{"taxonomy":"product_cat","embeddable":true,"href":"https:\/\/koraledetale.pl\/index.php?rest_route=%2Fwp%2Fv2%2Fproduct_cat&post=2449"},{"taxonomy":"product_tag","embeddable":true,"href":"https:\/\/koraledetale.pl\/index.php?rest_route=%2Fwp%2Fv2%2Fproduct_tag&post=2449"}],"curies":[{"name":"wp","href":"https:\/\/api.w.org\/{rel}","templated":true}]}}