{"id":2416,"date":"2022-05-25T09:48:33","date_gmt":"2022-05-25T09:48:33","guid":{"rendered":"https:\/\/koraledetale.pl\/?post_type=product&#038;p=2416"},"modified":"2024-11-12T10:17:44","modified_gmt":"2024-11-12T10:17:44","slug":"naszyjnik-dostatek-unikat","status":"publish","type":"product","link":"https:\/\/koraledetale.pl\/?product=naszyjnik-dostatek-unikat","title":{"rendered":"Naszyjnik DOSTATEK &#8211; unikat"},"content":{"rendered":"<p>Wielko\u015b\u0107 kamieni:<\/p>\n<ul>\n<li>malachit &#8211; 3 mm,<\/li>\n<li>kamie\u0144 s\u0142oneczny &#8211; 4,5 mm,<\/li>\n<li>karneol &#8211; 3 mm,<\/li>\n<li>frenit &#8211; 3 mm i zawieszka 10&#215;7 mm,<\/li>\n<li>kianit &#8211; 6,5&#215;6,5 mm,<\/li>\n<li>howlit &#8211; 17x13x7 mm,<\/li>\n<li>hematyt &#8211; 3&#215;2, 2&#215;1 i 2 mm.<\/li>\n<\/ul>\n<p>D\u0142ugo\u015b\u0107 naszyjnika &#8211; 97 cm + d\u0142ugo\u015b\u0107 zawieszek &#8211; 3,5 cm (k\u00f3\u0142ko z ksi\u0119\u017cycem) lub 3,8 cm (koniczyna z \u0142ezk\u0105 howlitu).<\/p>\n","protected":false},"excerpt":{"rendered":"<p>Wielofunkcyjny naszyjnik, kt\u00f3ry mo\u017ce by\u0107 noszony na wiele sposob\u00f3w: w r\u00f3\u017cnych u\u0142o\u017ceniach owini\u0119ty dwa razy wok\u00f3\u0142 szyi, jako d\u0142ugi lub jako bransoletka (owini\u0119ty sze\u015b\u0107 razy wok\u00f3\u0142 nadgarstka). Sznur kamieni naturalnych: s\u0142onecznego, malachitu, frenitu, karneolu i z\u0142otego hematytu tworzy ciekawe, o\u017cywcze po\u0142\u0105czenie kolorystyczne. Zestawienie z karbowanym \u0142a\u0144cuchem o du\u017cych oczkach dodaje naszyjnikowi lekko\u015bci i nowoczesno\u015bci. Dope\u0142nieniem ca\u0142o\u015bci s\u0105 zawieszki: du\u017ca koniczynka ze spor\u0105 kropl\u0105 zielonego howlitu, k\u00f3\u0142ko z ksi\u0119\u017cycem, wa\u0142eczek frenitu, kosteczka be\u017cowego kianitu, okr\u0105g\u0142a blaszka, \u0142\u0105cznik w kszta\u0142cie mniejszej koniczynki, gwiazdka i s\u0142o\u0144ce.<\/p>\n","protected":false},"featured_media":2427,"comment_status":"open","ping_status":"closed","template":"","meta":{"advanced_seo_description":"","jetpack_seo_html_title":"","jetpack_seo_noindex":false},"product_brand":[],"product_cat":[229],"product_tag":[125,897,94,751,323,501,158,895,896,348,898],"class_list":{"0":"post-2416","1":"product","2":"type-product","3":"status-publish","4":"has-post-thumbnail","6":"product_cat-sprzedane","7":"product_tag-frenit","8":"product_tag-howlit","9":"product_tag-kamien-sloneczny","10":"product_tag-karneol","11":"product_tag-kianit","12":"product_tag-ksiezyc","13":"product_tag-malachit","14":"product_tag-naszyjnik-wielofunkcyjny","15":"product_tag-naszyjnik-z-lancychem","16":"product_tag-podwojny-naszyjnik","17":"product_tag-zawieszki","19":"first","20":"outofstock","21":"shipping-taxable","22":"product-type-simple"},"jetpack_sharing_enabled":true,"_links":{"self":[{"href":"https:\/\/koraledetale.pl\/index.php?rest_route=\/wp\/v2\/product\/2416","targetHints":{"allow":["GET"]}}],"collection":[{"href":"https:\/\/koraledetale.pl\/index.php?rest_route=\/wp\/v2\/product"}],"about":[{"href":"https:\/\/koraledetale.pl\/index.php?rest_route=\/wp\/v2\/types\/product"}],"replies":[{"embeddable":true,"href":"https:\/\/koraledetale.pl\/index.php?rest_route=%2Fwp%2Fv2%2Fcomments&post=2416"}],"wp:featuredmedia":[{"embeddable":true,"href":"https:\/\/koraledetale.pl\/index.php?rest_route=\/wp\/v2\/media\/2427"}],"wp:attachment":[{"href":"https:\/\/koraledetale.pl\/index.php?rest_route=%2Fwp%2Fv2%2Fmedia&parent=2416"}],"wp:term":[{"taxonomy":"product_brand","embeddable":true,"href":"https:\/\/koraledetale.pl\/index.php?rest_route=%2Fwp%2Fv2%2Fproduct_brand&post=2416"},{"taxonomy":"product_cat","embeddable":true,"href":"https:\/\/koraledetale.pl\/index.php?rest_route=%2Fwp%2Fv2%2Fproduct_cat&post=2416"},{"taxonomy":"product_tag","embeddable":true,"href":"https:\/\/koraledetale.pl\/index.php?rest_route=%2Fwp%2Fv2%2Fproduct_tag&post=2416"}],"curies":[{"name":"wp","href":"https:\/\/api.w.org\/{rel}","templated":true}]}}