{"id":2408,"date":"2022-05-19T07:29:58","date_gmt":"2022-05-19T07:29:58","guid":{"rendered":"https:\/\/koraledetale.pl\/?post_type=product&#038;p=2408"},"modified":"2024-11-12T10:18:14","modified_gmt":"2024-11-12T10:18:14","slug":"mala-na-skupienie","status":"publish","type":"product","link":"https:\/\/koraledetale.pl\/?product=mala-na-skupienie","title":{"rendered":"Mala na skupienie"},"content":{"rendered":"<p>Wielko\u015b\u0107 kamieni:<\/p>\n<ul>\n<li>rodonit \u2013 6 mm,<\/li>\n<li>granat \u2013 5 &#8211; 6 mm<\/li>\n<li>mokait &#8211; 18x13x5 mm.<\/li>\n<\/ul>\n<p>D\u0142ugo\u015b\u0107 mali \u2013 81 cm + guru z chwostem \u2013 8 cm.<\/p>\n","protected":false},"excerpt":{"rendered":"<p>Mala z rodonitami i granatami, owalnym guru z mokaitu i bawe\u0142nianym, r\u00f3\u017cowym chwostem. Mokait z jednej strony jest intensywniej wybarwiony (sama natura!).<\/p>\n","protected":false},"featured_media":2412,"comment_status":"open","ping_status":"closed","template":"","meta":{"advanced_seo_description":"","jetpack_seo_html_title":"","jetpack_seo_noindex":false},"product_brand":[],"product_cat":[229],"product_tag":[71,893,894,772,774,823],"class_list":{"0":"post-2408","1":"product","2":"type-product","3":"status-publish","4":"has-post-thumbnail","6":"product_cat-sprzedane","7":"product_tag-granat","8":"product_tag-mala-z-rodonitow-i-granatow","9":"product_tag-mokait","10":"product_tag-naszyjnik-do-medytacji","11":"product_tag-naszyjnik-z-chwostem","12":"product_tag-rodonit","14":"first","15":"outofstock","16":"shipping-taxable","17":"product-type-simple"},"jetpack_sharing_enabled":true,"_links":{"self":[{"href":"https:\/\/koraledetale.pl\/index.php?rest_route=\/wp\/v2\/product\/2408","targetHints":{"allow":["GET"]}}],"collection":[{"href":"https:\/\/koraledetale.pl\/index.php?rest_route=\/wp\/v2\/product"}],"about":[{"href":"https:\/\/koraledetale.pl\/index.php?rest_route=\/wp\/v2\/types\/product"}],"replies":[{"embeddable":true,"href":"https:\/\/koraledetale.pl\/index.php?rest_route=%2Fwp%2Fv2%2Fcomments&post=2408"}],"wp:featuredmedia":[{"embeddable":true,"href":"https:\/\/koraledetale.pl\/index.php?rest_route=\/wp\/v2\/media\/2412"}],"wp:attachment":[{"href":"https:\/\/koraledetale.pl\/index.php?rest_route=%2Fwp%2Fv2%2Fmedia&parent=2408"}],"wp:term":[{"taxonomy":"product_brand","embeddable":true,"href":"https:\/\/koraledetale.pl\/index.php?rest_route=%2Fwp%2Fv2%2Fproduct_brand&post=2408"},{"taxonomy":"product_cat","embeddable":true,"href":"https:\/\/koraledetale.pl\/index.php?rest_route=%2Fwp%2Fv2%2Fproduct_cat&post=2408"},{"taxonomy":"product_tag","embeddable":true,"href":"https:\/\/koraledetale.pl\/index.php?rest_route=%2Fwp%2Fv2%2Fproduct_tag&post=2408"}],"curies":[{"name":"wp","href":"https:\/\/api.w.org\/{rel}","templated":true}]}}